{"id":9878,"date":"2020-02-06T15:02:25","date_gmt":"2020-02-06T14:02:25","guid":{"rendered":"\/?page_id=9878"},"modified":"2025-06-18T17:34:37","modified_gmt":"2025-06-18T15:34:37","slug":"programas-de-especializacion","status":"publish","type":"page","link":"https:\/\/armeriaeskola.eus\/es\/estudios\/programas-de-especializacion\/","title":{"rendered":"Especializaci\u00f3n"},"content":{"rendered":"<div class=\"wpb-content-wrapper\"><p>[vc_section full_width=\u00bbstretch_row\u00bb][vc_row css=\u00bb.vc_custom_1585647532847{background-image: url(\/wp-content\/uploads\/2020\/03\/armeria-fondo-letras-estudios.png?id=10786) !important;background-position: 0 0 !important;background-repeat: no-repeat !important;}\u00bb][vc_column width=\u00bb1\/6&#8243;][\/vc_column][vc_column width=\u00bb2\/3&#8243;][vc_single_image image=\u00bb9420&#8243; img_size=\u00bbfull\u00bb alignment=\u00bbcenter\u00bb css=\u00bb.vc_custom_1585647315995{margin-bottom: 0px !important;padding-bottom: 0px !important;}\u00bb][vc_row_inner css=\u00bb.vc_custom_1585647495981{margin-bottom: 25px !important;padding-bottom: 0px !important;}\u00bb][vc_column_inner width=\u00bb1\/6&#8243;][\/vc_column_inner][vc_column_inner width=\u00bb2\/3&#8243;][vc_custom_heading text=\u00bb<strong>Descubre los Programas y Cursos de Especializaci\u00f3n Armeria Eskola<\/strong>\u00bb font_container=\u00bbtag:h1|font_size:34px|text_align:center|color:%23a12e33|line_height:40px\u00bb google_fonts=\u00bbfont_family:Roboto%3A100%2C100italic%2C300%2C300italic%2Cregular%2Citalic%2C500%2C500italic%2C700%2C700italic%2C900%2C900italic|font_style:700%20bold%20regular%3A700%3Anormal\u00bb css=\u00bb\u00bb][\/vc_column_inner][vc_column_inner width=\u00bb1\/6&#8243;][\/vc_column_inner][\/vc_row_inner][\/vc_column][vc_column width=\u00bb1\/6&#8243;][\/vc_column][\/vc_row][\/vc_section][vc_row][vc_column][vc_empty_space height=\u00bb10px\u00bb][\/vc_column][\/vc_row][vc_row equal_height=\u00bbyes\u00bb content_placement=\u00bbmiddle\u00bb css=\u00bb.vc_custom_1602579944534{margin-top: 0px !important;margin-bottom: 0px !important;margin-left: 0px !important;padding-top: 0px !important;padding-bottom: 0px !important;padding-left: 0px !important;background-color: #e6e6e4 !important;background-position: 0 0 !important;background-repeat: no-repeat !important;}\u00bb el_class=\u00bbcajasiconos\u00bb el_id=\u00bbprogramas-de-especializacion\u00bb][vc_column width=\u00bb1\/3&#8243; css=\u00bb.vc_custom_1588600768875{margin-top: 0px !important;margin-bottom: 0px !important;margin-left: 0px !important;padding-top: 0px !important;padding-bottom: 0px !important;padding-left: 0px !important;background-image: url(\/wp-content\/uploads\/2020\/05\/estudios-principal-programas-especializacion2.png?id=12632) !important;background-position: center !important;background-repeat: no-repeat !important;background-size: cover !important;}\u00bb][vc_row_inner equal_height=\u00bbyes\u00bb content_placement=\u00bbmiddle\u00bb el_class=\u00bbcajacentrada\u00bb css=\u00bb.vc_custom_1750260349176{margin-top: 30px !important;margin-right: 20px !important;margin-bottom: 30px !important;margin-left: 20px !important;background-color: rgba(161,46,51,0.78) !important;*background-color: rgb(161,46,51) !important;}\u00bb][vc_column_inner css=\u00bb.vc_custom_1585648824194{margin-top: 0px !important;padding-top: 0px !important;padding-left: 20px !important;}\u00bb]<div class=\"vc-extral_class sinpaddingaqui wpb_animate_when_almost_visible wpb_bottom-to-top bottom-to-top\"><div class=\"thim-widget-heading template-base\"><div class=\"sc_heading  text-left\"><h2 style=\"color:#ffffff;font-size:28px;font-weight:700;font-style:normal;\" class=\"title\">Especializaci\u00f3n<\/h2><\/div><\/div><\/div>[\/vc_column_inner][\/vc_row_inner][\/vc_column][vc_column width=\u00bb2\/3&#8243; el_class=\u00bbcajamargen\u00bb][vc_row_inner][vc_column_inner width=\u00bb1\/2&#8243; css=\u00bb.vc_custom_1585648379373{margin-bottom: 18px !important;}\u00bb]<div class=\"vc-extral_class ikasketa-kutxa\"><div class=\"thim-widget-icon-box template-base\"><div class=\"wrapper-box-icon has_custom_image text-left image_box\" style=\"background-color: #ffffff;\"><div class=\"smicon-box iconbox-left\" style=\"--icon-width: 100px;--icon-height: 100px;\"><div class=\"boxes-icon\"><a class=\"icon-box-link\" target=\"_self\" href=\"\/es\/estudios\/programas-de-especializacion\/desarrollo-de-equipos-electronicos-integrados-embedded\/\"><span class=\"inner-icon\"><span class=\"icon icon-images\"><img loading=\"lazy\" decoding=\"async\" src=\"https:\/\/armeriaeskola.eus\/wp-content\/uploads\/2020\/04\/estudios-desarrollo-de-equipos-electronicos-integrados-embedded.jpg\" alt=\"estudios-desarrollo-de-equipos-electronicos-integrados-embedded\"  width=\"100\" height=\"100\"><\/span><\/span><\/span><\/a><\/div><div class=\"content-inner\"><div class=\"sc-heading article_heading\"><h3 class = \"heading__primary\" style=\"--title-color: #781e1d;--title-font-size: 18px;--title-font-weight: bold;\"><a class=\"icon-box-link\" target=\"_self\" href=\"\/es\/estudios\/programas-de-especializacion\/desarrollo-de-equipos-electronicos-integrados-embedded\/\">Desarrollo de equipos electr\u00f3nicos integrados (Embedded)<\/a><\/h3><\/div><\/div><\/div><\/div><\/div><\/div>[\/vc_column_inner][vc_column_inner width=\u00bb1\/2&#8243;]<div class=\"vc-extral_class ikasketa-kutxa\"><div class=\"thim-widget-icon-box template-base\"><div class=\"wrapper-box-icon has_custom_image text-left image_box\" style=\"background-color: #ffffff;\"><div class=\"smicon-box iconbox-left\" style=\"--icon-width: 100px;--icon-height: 100px;\"><div class=\"boxes-icon\"><a class=\"icon-box-link\" target=\"_self\" href=\"\/es\/estudios\/programas-de-especializacion\/control-de-calidad-metrologico\/\"><span class=\"inner-icon\"><span class=\"icon icon-images\"><img loading=\"lazy\" decoding=\"async\" src=\"https:\/\/armeriaeskola.eus\/wp-content\/uploads\/2020\/04\/estudios-control-de-calidad-metrologico.jpg\" alt=\"estudios-control-de-calidad-metrologico\"  width=\"100\" height=\"100\"><\/span><\/span><\/span><\/a><\/div><div class=\"content-inner\"><div class=\"sc-heading article_heading\"><h3 class = \"heading__primary\" style=\"--title-color: #781e1d;--title-font-size: 18px;--title-font-weight: bold;\"><a class=\"icon-box-link\" target=\"_self\" href=\"\/es\/estudios\/programas-de-especializacion\/control-de-calidad-metrologico\/\">Control de calidad metrol\u00f3gico<\/a><\/h3><\/div><\/div><\/div><\/div><\/div><\/div>[\/vc_column_inner][\/vc_row_inner][vc_row_inner][vc_column_inner width=\u00bb1\/2&#8243; css=\u00bb.vc_custom_1585648379373{margin-bottom: 18px !important;}\u00bb]<div class=\"vc-extral_class ikasketa-kutxa\"><div class=\"thim-widget-icon-box template-base\"><div class=\"wrapper-box-icon has_custom_image text-left image_box\" style=\"background-color: #ffffff;\"><div class=\"smicon-box iconbox-left\" style=\"--icon-width: 100px;--icon-height: 100px;\"><div class=\"boxes-icon\"><a class=\"icon-box-link\" target=\"_self\" href=\"https:\/\/armeriaeskola.eus\/es\/nuevo-curso-de-especializacion-digitalizacion-del-mantenimiento-industrial\/\"><span class=\"inner-icon\"><span class=\"icon icon-images\"><img loading=\"lazy\" decoding=\"async\" src=\"https:\/\/armeriaeskola.eus\/wp-content\/uploads\/imd-miniatura.jpg\" alt=\"imd-miniatura\"  width=\"212\" height=\"212\"><\/span><\/span><\/span><\/a><\/div><div class=\"content-inner\"><div class=\"sc-heading article_heading\"><h3 class = \"heading__primary\" style=\"--title-color: #781e1d;--title-font-size: 18px;--title-font-weight: bold;\"><a class=\"icon-box-link\" target=\"_self\" href=\"https:\/\/armeriaeskola.eus\/es\/nuevo-curso-de-especializacion-digitalizacion-del-mantenimiento-industrial\/\">Digitalizaci\u00f3n del mantenimiento industrial<\/a><\/h3><\/div><\/div><\/div><\/div><\/div><\/div>[\/vc_column_inner][vc_column_inner width=\u00bb1\/2&#8243;]<div class=\"vc-extral_class ikasketa-kutxa\"><div class=\"thim-widget-icon-box template-base\"><div class=\"wrapper-box-icon has_custom_image text-left image_box\" style=\"background-color: #ffffff;\"><div class=\"smicon-box iconbox-left\" style=\"--icon-width: 100px;--icon-height: 100px;\"><div class=\"boxes-icon\"><a class=\"icon-box-link\" target=\"_self\" href=\"https:\/\/armeriaeskola.eus\/es\/estudios\/programas-de-especializacion\/robotica-colaborativa\/\"><span class=\"inner-icon\"><span class=\"icon icon-images\"><img loading=\"lazy\" decoding=\"async\" src=\"https:\/\/armeriaeskola.eus\/wp-content\/uploads\/51855209472_5cfffce84e_o-1-scaled-e1715335340587.jpg\" alt=\"Robotica Colavorativa\"  width=\"1079\" height=\"1079\"><\/span><\/span><\/span><\/a><\/div><div class=\"content-inner\"><div class=\"sc-heading article_heading\"><h3 class = \"heading__primary\" style=\"--title-color: #781e1d;--title-font-size: 18px;--title-font-weight: bold;\"><a class=\"icon-box-link\" target=\"_self\" href=\"https:\/\/armeriaeskola.eus\/es\/estudios\/programas-de-especializacion\/robotica-colaborativa\/\">Rob\u00f3tica colavorativa<\/a><\/h3><\/div><\/div><\/div><\/div><\/div><\/div>[\/vc_column_inner][\/vc_row_inner][\/vc_column][\/vc_row]<\/p>\n<\/div>","protected":false},"excerpt":{"rendered":"<p>[vc_section full_width=\u00bbstretch_row\u00bb][vc_row css=\u00bb.vc_custom_1585647532847{background-image: url(\/wp-content\/uploads\/2020\/03\/armeria-fondo-letras-estudios.png?id=10786) !important;background-position: 0 0 !important;background-repeat: no-repeat !important;}\u00bb][vc_column width=\u00bb1\/6&#8243;][\/vc_column][vc_column width=\u00bb2\/3&#8243;][vc_single_image image=\u00bb9420&#8243; img_size=\u00bbfull\u00bb alignment=\u00bbcenter\u00bb css=\u00bb.vc_custom_1585647315995{margin-bottom: 0px !important;padding-bottom: 0px !important;}\u00bb][vc_row_inner css=\u00bb.vc_custom_1585647495981{margin-bottom: 25px !important;padding-bottom: 0px !important;}\u00bb][vc_column_inner width=\u00bb1\/6&#8243;][\/vc_column_inner][vc_column_inner width=\u00bb2\/3&#8243;][vc_custom_heading text=\u00bbDescubre los Programas y Cursos de Especializaci\u00f3n Armeria Eskola\u00bb font_container=\u00bbtag:h1|font_size:34px|text_align:center|color:%23a12e33|line_height:40px\u00bb google_fonts=\u00bbfont_family:Roboto%3A100%2C100italic%2C300%2C300italic%2Cregular%2Citalic%2C500%2C500italic%2C700%2C700italic%2C900%2C900italic|font_style:700%20bold%20regular%3A700%3Anormal\u00bb css=\u00bb\u00bb][\/vc_column_inner][vc_column_inner width=\u00bb1\/6&#8243;][\/vc_column_inner][\/vc_row_inner][\/vc_column][vc_column &hellip; <\/p>\n","protected":false},"author":1,"featured_media":0,"parent":9155,"menu_order":3,"comment_status":"closed","ping_status":"closed","template":"","meta":{"_acf_changed":false,"footnotes":""},"class_list":["post-9878","page","type-page","status-publish","hentry"],"acf":[],"yoast_head":"<!-- This site is optimized with the Yoast SEO plugin v27.3 - https:\/\/yoast.com\/product\/yoast-seo-wordpress\/ -->\n<title>Programas de especializaci\u00f3n en formato DUAL - CIFP Armeria Eskola<\/title>\n<meta name=\"description\" content=\"Las especializaciones son un tercer a\u00f1o que complementan la formaci\u00f3n recibida en los ciclos formativos. Se realizan en formato Dual, especializando al alumnado en tecnolog\u00edas concretas que cubren las necesidades de las empresas.\" \/>\n<meta name=\"robots\" content=\"noindex, nofollow\" \/>\n<meta property=\"og:locale\" content=\"es_ES\" \/>\n<meta property=\"og:type\" content=\"article\" \/>\n<meta property=\"og:title\" content=\"Programas de especializaci\u00f3n en formato DUAL - CIFP Armeria Eskola\" \/>\n<meta property=\"og:description\" content=\"Las especializaciones son un tercer a\u00f1o que complementan la formaci\u00f3n recibida en los ciclos formativos. Se realizan en formato Dual, especializando al alumnado en tecnolog\u00edas concretas que cubren las necesidades de las empresas.\" \/>\n<meta property=\"og:url\" content=\"https:\/\/armeriaeskola.eus\/es\/estudios\/programas-de-especializacion\/\" \/>\n<meta property=\"og:site_name\" content=\"Armeria Eskola\" \/>\n<meta property=\"article:publisher\" content=\"https:\/\/www.facebook.com\/armeriaeskola\" \/>\n<meta property=\"article:modified_time\" content=\"2025-06-18T15:34:37+00:00\" \/>\n<meta name=\"twitter:card\" content=\"summary_large_image\" \/>\n<meta name=\"twitter:site\" content=\"@ArmeriaEskola\" \/>\n<meta name=\"twitter:label1\" content=\"Tiempo de lectura\" \/>\n\t<meta name=\"twitter:data1\" content=\"3 minutos\" \/>\n<script type=\"application\/ld+json\" class=\"yoast-schema-graph\">{\"@context\":\"https:\\\/\\\/schema.org\",\"@graph\":[{\"@type\":\"WebPage\",\"@id\":\"https:\\\/\\\/armeriaeskola.eus\\\/es\\\/estudios\\\/programas-de-especializacion\\\/\",\"url\":\"https:\\\/\\\/armeriaeskola.eus\\\/es\\\/estudios\\\/programas-de-especializacion\\\/\",\"name\":\"Programas de especializaci\u00f3n en formato DUAL - CIFP Armeria Eskola\",\"isPartOf\":{\"@id\":\"https:\\\/\\\/armeriaeskola.eus\\\/#website\"},\"datePublished\":\"2020-02-06T14:02:25+00:00\",\"dateModified\":\"2025-06-18T15:34:37+00:00\",\"description\":\"Las especializaciones son un tercer a\u00f1o que complementan la formaci\u00f3n recibida en los ciclos formativos. Se realizan en formato Dual, especializando al alumnado en tecnolog\u00edas concretas que cubren las necesidades de las empresas.\",\"breadcrumb\":{\"@id\":\"https:\\\/\\\/armeriaeskola.eus\\\/es\\\/estudios\\\/programas-de-especializacion\\\/#breadcrumb\"},\"inLanguage\":\"es\",\"potentialAction\":[{\"@type\":\"ReadAction\",\"target\":[\"https:\\\/\\\/armeriaeskola.eus\\\/es\\\/estudios\\\/programas-de-especializacion\\\/\"]}]},{\"@type\":\"BreadcrumbList\",\"@id\":\"https:\\\/\\\/armeriaeskola.eus\\\/es\\\/estudios\\\/programas-de-especializacion\\\/#breadcrumb\",\"itemListElement\":[{\"@type\":\"ListItem\",\"position\":1,\"name\":\"Portada\",\"item\":\"https:\\\/\\\/armeriaeskola.eus\\\/es\\\/\"},{\"@type\":\"ListItem\",\"position\":2,\"name\":\"Estudios\",\"item\":\"https:\\\/\\\/armeriaeskola.eus\\\/es\\\/estudios\\\/\"},{\"@type\":\"ListItem\",\"position\":3,\"name\":\"Especializaci\u00f3n\"}]},{\"@type\":\"WebSite\",\"@id\":\"https:\\\/\\\/armeriaeskola.eus\\\/#website\",\"url\":\"https:\\\/\\\/armeriaeskola.eus\\\/\",\"name\":\"Armeria Eskola\",\"description\":\"Centro Integral P\u00fablico de Formaci\u00f3n Profesional\",\"publisher\":{\"@id\":\"https:\\\/\\\/armeriaeskola.eus\\\/#organization\"},\"potentialAction\":[{\"@type\":\"SearchAction\",\"target\":{\"@type\":\"EntryPoint\",\"urlTemplate\":\"https:\\\/\\\/armeriaeskola.eus\\\/?s={search_term_string}\"},\"query-input\":{\"@type\":\"PropertyValueSpecification\",\"valueRequired\":true,\"valueName\":\"search_term_string\"}}],\"inLanguage\":\"es\"},{\"@type\":\"Organization\",\"@id\":\"https:\\\/\\\/armeriaeskola.eus\\\/#organization\",\"name\":\"Armeria Eskola\",\"url\":\"https:\\\/\\\/armeriaeskola.eus\\\/\",\"logo\":{\"@type\":\"ImageObject\",\"inLanguage\":\"es\",\"@id\":\"https:\\\/\\\/armeriaeskola.eus\\\/#\\\/schema\\\/logo\\\/image\\\/\",\"url\":\"https:\\\/\\\/armeriaeskola.eus\\\/wp-content\\\/uploads\\\/armeria-eskola-youtube1.jpg\",\"contentUrl\":\"https:\\\/\\\/armeriaeskola.eus\\\/wp-content\\\/uploads\\\/armeria-eskola-youtube1.jpg\",\"width\":1000,\"height\":501,\"caption\":\"Armeria Eskola\"},\"image\":{\"@id\":\"https:\\\/\\\/armeriaeskola.eus\\\/#\\\/schema\\\/logo\\\/image\\\/\"},\"sameAs\":[\"https:\\\/\\\/www.facebook.com\\\/armeriaeskola\",\"https:\\\/\\\/x.com\\\/ArmeriaEskola\",\"https:\\\/\\\/www.instagram.com\\\/armeriaeskola\\\/\",\"https:\\\/\\\/www.linkedin.com\\\/company\\\/asociaciondearmeriaeskola\\\/\",\"https:\\\/\\\/www.youtube.com\\\/user\\\/100armeriaeskola\"]}]}<\/script>\n<!-- \/ Yoast SEO plugin. -->","yoast_head_json":{"title":"Programas de especializaci\u00f3n en formato DUAL - CIFP Armeria Eskola","description":"Las especializaciones son un tercer a\u00f1o que complementan la formaci\u00f3n recibida en los ciclos formativos. Se realizan en formato Dual, especializando al alumnado en tecnolog\u00edas concretas que cubren las necesidades de las empresas.","robots":{"index":"noindex","follow":"nofollow"},"og_locale":"es_ES","og_type":"article","og_title":"Programas de especializaci\u00f3n en formato DUAL - CIFP Armeria Eskola","og_description":"Las especializaciones son un tercer a\u00f1o que complementan la formaci\u00f3n recibida en los ciclos formativos. Se realizan en formato Dual, especializando al alumnado en tecnolog\u00edas concretas que cubren las necesidades de las empresas.","og_url":"https:\/\/armeriaeskola.eus\/es\/estudios\/programas-de-especializacion\/","og_site_name":"Armeria Eskola","article_publisher":"https:\/\/www.facebook.com\/armeriaeskola","article_modified_time":"2025-06-18T15:34:37+00:00","twitter_card":"summary_large_image","twitter_site":"@ArmeriaEskola","twitter_misc":{"Tiempo de lectura":"3 minutos"},"schema":{"@context":"https:\/\/schema.org","@graph":[{"@type":"WebPage","@id":"https:\/\/armeriaeskola.eus\/es\/estudios\/programas-de-especializacion\/","url":"https:\/\/armeriaeskola.eus\/es\/estudios\/programas-de-especializacion\/","name":"Programas de especializaci\u00f3n en formato DUAL - CIFP Armeria Eskola","isPartOf":{"@id":"https:\/\/armeriaeskola.eus\/#website"},"datePublished":"2020-02-06T14:02:25+00:00","dateModified":"2025-06-18T15:34:37+00:00","description":"Las especializaciones son un tercer a\u00f1o que complementan la formaci\u00f3n recibida en los ciclos formativos. Se realizan en formato Dual, especializando al alumnado en tecnolog\u00edas concretas que cubren las necesidades de las empresas.","breadcrumb":{"@id":"https:\/\/armeriaeskola.eus\/es\/estudios\/programas-de-especializacion\/#breadcrumb"},"inLanguage":"es","potentialAction":[{"@type":"ReadAction","target":["https:\/\/armeriaeskola.eus\/es\/estudios\/programas-de-especializacion\/"]}]},{"@type":"BreadcrumbList","@id":"https:\/\/armeriaeskola.eus\/es\/estudios\/programas-de-especializacion\/#breadcrumb","itemListElement":[{"@type":"ListItem","position":1,"name":"Portada","item":"https:\/\/armeriaeskola.eus\/es\/"},{"@type":"ListItem","position":2,"name":"Estudios","item":"https:\/\/armeriaeskola.eus\/es\/estudios\/"},{"@type":"ListItem","position":3,"name":"Especializaci\u00f3n"}]},{"@type":"WebSite","@id":"https:\/\/armeriaeskola.eus\/#website","url":"https:\/\/armeriaeskola.eus\/","name":"Armeria Eskola","description":"Centro Integral P\u00fablico de Formaci\u00f3n Profesional","publisher":{"@id":"https:\/\/armeriaeskola.eus\/#organization"},"potentialAction":[{"@type":"SearchAction","target":{"@type":"EntryPoint","urlTemplate":"https:\/\/armeriaeskola.eus\/?s={search_term_string}"},"query-input":{"@type":"PropertyValueSpecification","valueRequired":true,"valueName":"search_term_string"}}],"inLanguage":"es"},{"@type":"Organization","@id":"https:\/\/armeriaeskola.eus\/#organization","name":"Armeria Eskola","url":"https:\/\/armeriaeskola.eus\/","logo":{"@type":"ImageObject","inLanguage":"es","@id":"https:\/\/armeriaeskola.eus\/#\/schema\/logo\/image\/","url":"https:\/\/armeriaeskola.eus\/wp-content\/uploads\/armeria-eskola-youtube1.jpg","contentUrl":"https:\/\/armeriaeskola.eus\/wp-content\/uploads\/armeria-eskola-youtube1.jpg","width":1000,"height":501,"caption":"Armeria Eskola"},"image":{"@id":"https:\/\/armeriaeskola.eus\/#\/schema\/logo\/image\/"},"sameAs":["https:\/\/www.facebook.com\/armeriaeskola","https:\/\/x.com\/ArmeriaEskola","https:\/\/www.instagram.com\/armeriaeskola\/","https:\/\/www.linkedin.com\/company\/asociaciondearmeriaeskola\/","https:\/\/www.youtube.com\/user\/100armeriaeskola"]}]}},"_links":{"self":[{"href":"https:\/\/armeriaeskola.eus\/es\/wp-json\/wp\/v2\/pages\/9878","targetHints":{"allow":["GET"]}}],"collection":[{"href":"https:\/\/armeriaeskola.eus\/es\/wp-json\/wp\/v2\/pages"}],"about":[{"href":"https:\/\/armeriaeskola.eus\/es\/wp-json\/wp\/v2\/types\/page"}],"author":[{"embeddable":true,"href":"https:\/\/armeriaeskola.eus\/es\/wp-json\/wp\/v2\/users\/1"}],"replies":[{"embeddable":true,"href":"https:\/\/armeriaeskola.eus\/es\/wp-json\/wp\/v2\/comments?post=9878"}],"version-history":[{"count":11,"href":"https:\/\/armeriaeskola.eus\/es\/wp-json\/wp\/v2\/pages\/9878\/revisions"}],"predecessor-version":[{"id":25311,"href":"https:\/\/armeriaeskola.eus\/es\/wp-json\/wp\/v2\/pages\/9878\/revisions\/25311"}],"up":[{"embeddable":true,"href":"https:\/\/armeriaeskola.eus\/es\/wp-json\/wp\/v2\/pages\/9155"}],"wp:attachment":[{"href":"https:\/\/armeriaeskola.eus\/es\/wp-json\/wp\/v2\/media?parent=9878"}],"curies":[{"name":"wp","href":"https:\/\/api.w.org\/{rel}","templated":true}]}}