{"id":9153,"date":"2019-03-22T15:54:07","date_gmt":"2019-03-22T14:54:07","guid":{"rendered":"\/?page_id=9153"},"modified":"2025-06-18T17:34:15","modified_gmt":"2025-06-18T15:34:15","slug":"grado-superior","status":"publish","type":"page","link":"https:\/\/armeriaeskola.eus\/es\/estudios\/grado-superior\/","title":{"rendered":"Grado Superior"},"content":{"rendered":"<div class=\"wpb-content-wrapper\"><p>[vc_section full_width=\u00bbstretch_row\u00bb][vc_row css=\u00bb.vc_custom_1585647532847{background-image: url(\/wp-content\/uploads\/2020\/03\/armeria-fondo-letras-estudios.png?id=10786) !important;background-position: 0 0 !important;background-repeat: no-repeat !important;}\u00bb][vc_column width=\u00bb1\/6&#8243;][\/vc_column][vc_column width=\u00bb2\/3&#8243;][vc_single_image image=\u00bb9420&#8243; img_size=\u00bbfull\u00bb alignment=\u00bbcenter\u00bb css=\u00bb.vc_custom_1585647315995{margin-bottom: 0px !important;padding-bottom: 0px !important;}\u00bb][vc_row_inner css=\u00bb.vc_custom_1585647495981{margin-bottom: 25px !important;padding-bottom: 0px !important;}\u00bb][vc_column_inner width=\u00bb1\/6&#8243;][\/vc_column_inner][vc_column_inner width=\u00bb2\/3&#8243;][vc_custom_heading text=\u00bb<strong>Descubre la oferta formativa de Grado Superior de Armeria Eskola<\/strong>\u00bb font_container=\u00bbtag:h1|font_size:34px|text_align:center|color:%23a12e33|line_height:40px\u00bb google_fonts=\u00bbfont_family:Roboto%3A100%2C100italic%2C300%2C300italic%2Cregular%2Citalic%2C500%2C500italic%2C700%2C700italic%2C900%2C900italic|font_style:700%20bold%20regular%3A700%3Anormal\u00bb][\/vc_column_inner][vc_column_inner width=\u00bb1\/6&#8243;][\/vc_column_inner][\/vc_row_inner][\/vc_column][vc_column width=\u00bb1\/6&#8243;][\/vc_column][\/vc_row][\/vc_section][vc_row][vc_column][vc_empty_space height=\u00bb10px\u00bb][\/vc_column][\/vc_row][vc_row equal_height=\u00bbyes\u00bb content_placement=\u00bbmiddle\u00bb css=\u00bb.vc_custom_1602579932033{margin-top: 0px !important;margin-bottom: 0px !important;margin-left: 0px !important;padding-top: 0px !important;padding-bottom: 0px !important;padding-left: 0px !important;background-color: #e6e6e4 !important;background-position: 0 0 !important;background-repeat: no-repeat !important;}\u00bb el_class=\u00bbcajasiconos\u00bb el_id=\u00bbgrado-superior\u00bb][vc_column width=\u00bb1\/3&#8243; css=\u00bb.vc_custom_1585737241329{margin-top: 0px !important;margin-bottom: 0px !important;margin-left: 0px !important;padding-top: 0px !important;padding-bottom: 0px !important;padding-left: 0px !important;background-image: url(\/wp-content\/uploads\/2020\/04\/estudios-principal-grado-superior.jpg?id=10864) !important;background-position: center !important;background-repeat: no-repeat !important;background-size: cover !important;}\u00bb][vc_row_inner equal_height=\u00bbyes\u00bb content_placement=\u00bbmiddle\u00bb el_class=\u00bbcajacentrada\u00bb css=\u00bb.vc_custom_1750260296945{margin-top: 30px !important;margin-right: 20px !important;margin-bottom: 30px !important;margin-left: 20px !important;background-color: rgba(161,46,51,0.78) !important;*background-color: rgb(161,46,51) !important;}\u00bb][vc_column_inner css=\u00bb.vc_custom_1585648806537{margin-top: 0px !important;padding-top: 0px !important;padding-left: 20px !important;}\u00bb]<div class=\"vc-extral_class sinpaddingaqui wpb_animate_when_almost_visible wpb_bottom-to-top bottom-to-top\"><div class=\"thim-widget-heading template-base\"><div class=\"sc_heading  text-left\"><h2 style=\"color:#ffffff;font-size:28px;font-weight:700;font-style:normal;\" class=\"title\">Grado Superior<\/h2><\/div><\/div><\/div>[\/vc_column_inner][\/vc_row_inner][\/vc_column][vc_column width=\u00bb2\/3&#8243; el_class=\u00bbcajamargen\u00bb][vc_row_inner][vc_column_inner width=\u00bb1\/2&#8243; css=\u00bb.vc_custom_1585648345883{margin-bottom: 18px !important;}\u00bb]<div class=\"vc-extral_class ikasketa-kutxa\"><div class=\"thim-widget-icon-box template-base\"><div class=\"wrapper-box-icon has_custom_image text-left image_box\" style=\"background-color: #ffffff;\"><div class=\"smicon-box iconbox-left\" style=\"--icon-width: 100px;--icon-height: 100px;\"><div class=\"boxes-icon\"><a class=\"icon-box-link\" target=\"_self\" href=\"\/es\/estudios\/grado-superior\/mecatronica-industrial\/\"><span class=\"inner-icon\"><span class=\"icon icon-images\"><img loading=\"lazy\" decoding=\"async\" src=\"https:\/\/armeriaeskola.eus\/wp-content\/uploads\/2020\/05\/estudios-mecatronica.png\" alt=\"estudios-mecatronica\"  width=\"100\" height=\"100\"><\/span><\/span><\/span><\/a><\/div><div class=\"content-inner\"><div class=\"sc-heading article_heading\"><h3 class = \"heading__primary\" style=\"--title-color: #781e1d;--title-font-size: 18px;--title-font-weight: bold;\"><a class=\"icon-box-link\" target=\"_self\" href=\"\/es\/estudios\/grado-superior\/mecatronica-industrial\/\">Mecatr\u00f3nica industrial<\/a><\/h3><\/div><\/div><\/div><\/div><\/div><\/div>[\/vc_column_inner][vc_column_inner width=\u00bb1\/2&#8243;]<div class=\"vc-extral_class ikasketa-kutxa\"><div class=\"thim-widget-icon-box template-base\"><div class=\"wrapper-box-icon has_custom_image text-left image_box\" style=\"background-color: #ffffff;\"><div class=\"smicon-box iconbox-left\" style=\"--icon-width: 100px;--icon-height: 100px;\"><div class=\"boxes-icon\"><a class=\"icon-box-link\" target=\"_self\" href=\"\/es\/estudios\/grado-superior\/mantenimiento-electronico\/\"><span class=\"inner-icon\"><span class=\"icon icon-images\"><img loading=\"lazy\" decoding=\"async\" src=\"https:\/\/armeriaeskola.eus\/wp-content\/uploads\/2020\/05\/estudios-mantenimiento.png\" alt=\"estudios-mantenimiento\"  width=\"100\" height=\"100\"><\/span><\/span><\/span><\/a><\/div><div class=\"content-inner\"><div class=\"sc-heading article_heading\"><h3 class = \"heading__primary\" style=\"--title-color: #781e1d;--title-font-size: 18px;--title-font-weight: bold;\"><a class=\"icon-box-link\" target=\"_self\" href=\"\/es\/estudios\/grado-superior\/mantenimiento-electronico\/\">Mantenimiento electr\u00f3nico<\/a><\/h3><\/div><\/div><\/div><\/div><\/div><\/div>[\/vc_column_inner][\/vc_row_inner][vc_row_inner][vc_column_inner width=\u00bb1\/2&#8243; css=\u00bb.vc_custom_1585648364028{margin-bottom: 18px !important;}\u00bb]<div class=\"vc-extral_class ikasketa-kutxa\"><div class=\"thim-widget-icon-box template-base\"><div class=\"wrapper-box-icon has_custom_image text-left image_box\" style=\"background-color: #ffffff;\"><div class=\"smicon-box iconbox-left\" style=\"--icon-width: 100px;--icon-height: 100px;\"><div class=\"boxes-icon\"><a class=\"icon-box-link\" target=\"_self\" href=\"https:\/\/armeriaeskola.eus\/es\/estudios\/grado-superior\/sistemas-de-telecomunicaciones-e-informaticos\/\"><span class=\"inner-icon\"><span class=\"icon icon-images\"><img loading=\"lazy\" decoding=\"async\" src=\"https:\/\/armeriaeskola.eus\/wp-content\/uploads\/2020\/04\/estudios-sistemas-de-telecomunicaciones-e-informaticos.jpg\" alt=\"estudios-sistemas-de-telecomunicaciones-e-informaticos\"  width=\"100\" height=\"100\"><\/span><\/span><\/span><\/a><\/div><div class=\"content-inner\"><div class=\"sc-heading article_heading\"><h3 class = \"heading__primary\" style=\"--title-color: #781e1d;--title-font-size: 18px;--title-font-weight: bold;\"><a class=\"icon-box-link\" target=\"_self\" href=\"https:\/\/armeriaeskola.eus\/es\/estudios\/grado-superior\/sistemas-de-telecomunicaciones-e-informaticos\/\">Telecomunicaciones y Sistemas Inform\u00e1ticos<\/a><\/h3><\/div><\/div><\/div><\/div><\/div><\/div>[\/vc_column_inner][vc_column_inner width=\u00bb1\/2&#8243;]<div class=\"vc-extral_class ikasketa-kutxa\"><div class=\"thim-widget-icon-box template-base\"><div class=\"wrapper-box-icon has_custom_image text-left image_box\" style=\"background-color: #ffffff;\"><div class=\"smicon-box iconbox-left\" style=\"--icon-width: 100px;--icon-height: 100px;\"><div class=\"boxes-icon\"><a class=\"icon-box-link\" target=\"_self\" href=\"\/es\/estudios\/grado-superior\/programacion-de-la-produccion-en-fabricacion-mecanica\/\"><span class=\"inner-icon\"><span class=\"icon icon-images\"><img loading=\"lazy\" decoding=\"async\" src=\"https:\/\/armeriaeskola.eus\/wp-content\/uploads\/2020\/04\/estudios-programacion-de-la-produccion-en-fabricacion-mecanica.jpg\" alt=\"estudios-programacion-de-la-produccion-en-fabricacion-mecanica\"  width=\"100\" height=\"100\"><\/span><\/span><\/span><\/a><\/div><div class=\"content-inner\"><div class=\"sc-heading article_heading\"><h3 class = \"heading__primary\" style=\"--title-color: #781e1d;--title-font-size: 18px;--title-font-weight: bold;\"><a class=\"icon-box-link\" target=\"_self\" href=\"\/es\/estudios\/grado-superior\/programacion-de-la-produccion-en-fabricacion-mecanica\/\">Programaci\u00f3n de la producci\u00f3n en fabricaci\u00f3n mec\u00e1nica<\/a><\/h3><\/div><\/div><\/div><\/div><\/div><\/div>[\/vc_column_inner][\/vc_row_inner][vc_row_inner][vc_column_inner width=\u00bb1\/2&#8243; css=\u00bb.vc_custom_1585648370421{margin-bottom: 18px !important;}\u00bb]<div class=\"vc-extral_class ikasketa-kutxa\"><div class=\"thim-widget-icon-box template-base\"><div class=\"wrapper-box-icon has_custom_image text-left image_box\" style=\"background-color: #ffffff;\"><div class=\"smicon-box iconbox-left\" style=\"--icon-width: 100px;--icon-height: 100px;\"><div class=\"boxes-icon\"><a class=\"icon-box-link\" target=\"_self\" href=\"\/es\/estudios\/grado-superior\/diseno-en-fabricacion-mecanica\/\"><span class=\"inner-icon\"><span class=\"icon icon-images\"><img loading=\"lazy\" decoding=\"async\" src=\"https:\/\/armeriaeskola.eus\/wp-content\/uploads\/2020\/05\/estudios-diseno.png\" alt=\"estudios-diseno\"  width=\"100\" height=\"100\"><\/span><\/span><\/span><\/a><\/div><div class=\"content-inner\"><div class=\"sc-heading article_heading\"><h3 class = \"heading__primary\" style=\"--title-color: #781e1d;--title-font-size: 18px;--title-font-weight: bold;\"><a class=\"icon-box-link\" target=\"_self\" href=\"\/es\/estudios\/grado-superior\/diseno-en-fabricacion-mecanica\/\">Dise\u00f1o en fabricaci\u00f3n mec\u00e1nica<\/a><\/h3><\/div><\/div><\/div><\/div><\/div><\/div>[\/vc_column_inner][vc_column_inner width=\u00bb1\/2&#8243;]<div class=\"vc-extral_class ikasketa-kutxa\"><div class=\"thim-widget-icon-box template-base\"><div class=\"wrapper-box-icon has_custom_image text-left image_box\" style=\"background-color: #ffffff;\"><div class=\"smicon-box iconbox-left\" style=\"--icon-width: 100px;--icon-height: 100px;\"><div class=\"boxes-icon\"><a class=\"icon-box-link\" target=\"_self\" href=\"\/es\/estudios\/grado-superior\/automatizacion-y-robotica-industrial\/\"><span class=\"inner-icon\"><span class=\"icon icon-images\"><img loading=\"lazy\" decoding=\"async\" src=\"https:\/\/armeriaeskola.eus\/wp-content\/uploads\/2020\/04\/estudios-automatizacion-y-robotica-industrial.jpg\" alt=\"estudios-automatizacion-y-robotica-industrial\"  width=\"100\" height=\"100\"><\/span><\/span><\/span><\/a><\/div><div class=\"content-inner\"><div class=\"sc-heading article_heading\"><h3 class = \"heading__primary\" style=\"--title-color: #781e1d;--title-font-size: 18px;--title-font-weight: bold;\"><a class=\"icon-box-link\" target=\"_self\" href=\"\/es\/estudios\/grado-superior\/automatizacion-y-robotica-industrial\/\">Automatizaci\u00f3n y rob\u00f3tica industrial<\/a><\/h3><\/div><\/div><\/div><\/div><\/div><\/div>[\/vc_column_inner][\/vc_row_inner][\/vc_column][\/vc_row]<\/p>\n<\/div>","protected":false},"excerpt":{"rendered":"<p>[vc_section full_width=\u00bbstretch_row\u00bb][vc_row css=\u00bb.vc_custom_1585647532847{background-image: url(\/wp-content\/uploads\/2020\/03\/armeria-fondo-letras-estudios.png?id=10786) !important;background-position: 0 0 !important;background-repeat: no-repeat !important;}\u00bb][vc_column width=\u00bb1\/6&#8243;][\/vc_column][vc_column width=\u00bb2\/3&#8243;][vc_single_image image=\u00bb9420&#8243; img_size=\u00bbfull\u00bb alignment=\u00bbcenter\u00bb css=\u00bb.vc_custom_1585647315995{margin-bottom: 0px !important;padding-bottom: 0px !important;}\u00bb][vc_row_inner css=\u00bb.vc_custom_1585647495981{margin-bottom: 25px !important;padding-bottom: 0px !important;}\u00bb][vc_column_inner width=\u00bb1\/6&#8243;][\/vc_column_inner][vc_column_inner width=\u00bb2\/3&#8243;][vc_custom_heading text=\u00bbDescubre la oferta formativa de Grado Superior de Armeria Eskola\u00bb font_container=\u00bbtag:h1|font_size:34px|text_align:center|color:%23a12e33|line_height:40px\u00bb google_fonts=\u00bbfont_family:Roboto%3A100%2C100italic%2C300%2C300italic%2Cregular%2Citalic%2C500%2C500italic%2C700%2C700italic%2C900%2C900italic|font_style:700%20bold%20regular%3A700%3Anormal\u00bb][\/vc_column_inner][vc_column_inner width=\u00bb1\/6&#8243;][\/vc_column_inner][\/vc_row_inner][\/vc_column][vc_column &hellip; <\/p>\n","protected":false},"author":1,"featured_media":0,"parent":9155,"menu_order":2,"comment_status":"closed","ping_status":"closed","template":"","meta":{"_acf_changed":false,"footnotes":""},"class_list":["post-9153","page","type-page","status-publish","hentry"],"acf":[],"yoast_head":"<!-- This site is optimized with the Yoast SEO plugin v27.3 - https:\/\/yoast.com\/product\/yoast-seo-wordpress\/ -->\n<title>Oferta Ciclos formativos Grado Superior \u2013 CIFP Armeria Eskola<\/title>\n<meta name=\"description\" content=\"En Armer\u00eda Eskola ofrecemos seis ciclos formativos de grado superior relacionados con el sector industrial. Los ciclos formativos de grado superior otorgan el t\u00edtulo de T\u00e9cnico Especialista en Formaci\u00f3n Profesional.\" \/>\n<meta name=\"robots\" content=\"index, follow, max-snippet:-1, max-image-preview:large, max-video-preview:-1\" \/>\n<link rel=\"canonical\" href=\"https:\/\/armeriaeskola.eus\/es\/estudios\/grado-superior\/\" \/>\n<meta property=\"og:locale\" content=\"es_ES\" \/>\n<meta property=\"og:type\" content=\"article\" \/>\n<meta property=\"og:title\" content=\"Oferta Ciclos formativos Grado Superior \u2013 CIFP Armeria Eskola\" \/>\n<meta property=\"og:description\" content=\"En Armer\u00eda Eskola ofrecemos seis ciclos formativos de grado superior relacionados con el sector industrial. Los ciclos formativos de grado superior otorgan el t\u00edtulo de T\u00e9cnico Especialista en Formaci\u00f3n Profesional.\" \/>\n<meta property=\"og:url\" content=\"https:\/\/armeriaeskola.eus\/es\/estudios\/grado-superior\/\" \/>\n<meta property=\"og:site_name\" content=\"Armeria Eskola\" \/>\n<meta property=\"article:publisher\" content=\"https:\/\/www.facebook.com\/armeriaeskola\" \/>\n<meta property=\"article:modified_time\" content=\"2025-06-18T15:34:15+00:00\" \/>\n<meta name=\"twitter:card\" content=\"summary_large_image\" \/>\n<meta name=\"twitter:site\" content=\"@ArmeriaEskola\" \/>\n<meta name=\"twitter:label1\" content=\"Tiempo de lectura\" \/>\n\t<meta name=\"twitter:data1\" content=\"3 minutos\" \/>\n<script type=\"application\/ld+json\" class=\"yoast-schema-graph\">{\"@context\":\"https:\\\/\\\/schema.org\",\"@graph\":[{\"@type\":\"WebPage\",\"@id\":\"https:\\\/\\\/armeriaeskola.eus\\\/es\\\/estudios\\\/grado-superior\\\/\",\"url\":\"https:\\\/\\\/armeriaeskola.eus\\\/es\\\/estudios\\\/grado-superior\\\/\",\"name\":\"Oferta Ciclos formativos Grado Superior \u2013 CIFP Armeria Eskola\",\"isPartOf\":{\"@id\":\"https:\\\/\\\/armeriaeskola.eus\\\/#website\"},\"datePublished\":\"2019-03-22T14:54:07+00:00\",\"dateModified\":\"2025-06-18T15:34:15+00:00\",\"description\":\"En Armer\u00eda Eskola ofrecemos seis ciclos formativos de grado superior relacionados con el sector industrial. Los ciclos formativos de grado superior otorgan el t\u00edtulo de T\u00e9cnico Especialista en Formaci\u00f3n Profesional.\",\"breadcrumb\":{\"@id\":\"https:\\\/\\\/armeriaeskola.eus\\\/es\\\/estudios\\\/grado-superior\\\/#breadcrumb\"},\"inLanguage\":\"es\",\"potentialAction\":[{\"@type\":\"ReadAction\",\"target\":[\"https:\\\/\\\/armeriaeskola.eus\\\/es\\\/estudios\\\/grado-superior\\\/\"]}]},{\"@type\":\"BreadcrumbList\",\"@id\":\"https:\\\/\\\/armeriaeskola.eus\\\/es\\\/estudios\\\/grado-superior\\\/#breadcrumb\",\"itemListElement\":[{\"@type\":\"ListItem\",\"position\":1,\"name\":\"Portada\",\"item\":\"https:\\\/\\\/armeriaeskola.eus\\\/es\\\/\"},{\"@type\":\"ListItem\",\"position\":2,\"name\":\"Estudios\",\"item\":\"https:\\\/\\\/armeriaeskola.eus\\\/es\\\/estudios\\\/\"},{\"@type\":\"ListItem\",\"position\":3,\"name\":\"Grado Superior\"}]},{\"@type\":\"WebSite\",\"@id\":\"https:\\\/\\\/armeriaeskola.eus\\\/#website\",\"url\":\"https:\\\/\\\/armeriaeskola.eus\\\/\",\"name\":\"Armeria Eskola\",\"description\":\"Centro Integral P\u00fablico de Formaci\u00f3n Profesional\",\"publisher\":{\"@id\":\"https:\\\/\\\/armeriaeskola.eus\\\/#organization\"},\"potentialAction\":[{\"@type\":\"SearchAction\",\"target\":{\"@type\":\"EntryPoint\",\"urlTemplate\":\"https:\\\/\\\/armeriaeskola.eus\\\/?s={search_term_string}\"},\"query-input\":{\"@type\":\"PropertyValueSpecification\",\"valueRequired\":true,\"valueName\":\"search_term_string\"}}],\"inLanguage\":\"es\"},{\"@type\":\"Organization\",\"@id\":\"https:\\\/\\\/armeriaeskola.eus\\\/#organization\",\"name\":\"Armeria Eskola\",\"url\":\"https:\\\/\\\/armeriaeskola.eus\\\/\",\"logo\":{\"@type\":\"ImageObject\",\"inLanguage\":\"es\",\"@id\":\"https:\\\/\\\/armeriaeskola.eus\\\/#\\\/schema\\\/logo\\\/image\\\/\",\"url\":\"https:\\\/\\\/armeriaeskola.eus\\\/wp-content\\\/uploads\\\/armeria-eskola-youtube1.jpg\",\"contentUrl\":\"https:\\\/\\\/armeriaeskola.eus\\\/wp-content\\\/uploads\\\/armeria-eskola-youtube1.jpg\",\"width\":1000,\"height\":501,\"caption\":\"Armeria Eskola\"},\"image\":{\"@id\":\"https:\\\/\\\/armeriaeskola.eus\\\/#\\\/schema\\\/logo\\\/image\\\/\"},\"sameAs\":[\"https:\\\/\\\/www.facebook.com\\\/armeriaeskola\",\"https:\\\/\\\/x.com\\\/ArmeriaEskola\",\"https:\\\/\\\/www.instagram.com\\\/armeriaeskola\\\/\",\"https:\\\/\\\/www.linkedin.com\\\/company\\\/asociaciondearmeriaeskola\\\/\",\"https:\\\/\\\/www.youtube.com\\\/user\\\/100armeriaeskola\"]}]}<\/script>\n<!-- \/ Yoast SEO plugin. -->","yoast_head_json":{"title":"Oferta Ciclos formativos Grado Superior \u2013 CIFP Armeria Eskola","description":"En Armer\u00eda Eskola ofrecemos seis ciclos formativos de grado superior relacionados con el sector industrial. Los ciclos formativos de grado superior otorgan el t\u00edtulo de T\u00e9cnico Especialista en Formaci\u00f3n Profesional.","robots":{"index":"index","follow":"follow","max-snippet":"max-snippet:-1","max-image-preview":"max-image-preview:large","max-video-preview":"max-video-preview:-1"},"canonical":"https:\/\/armeriaeskola.eus\/es\/estudios\/grado-superior\/","og_locale":"es_ES","og_type":"article","og_title":"Oferta Ciclos formativos Grado Superior \u2013 CIFP Armeria Eskola","og_description":"En Armer\u00eda Eskola ofrecemos seis ciclos formativos de grado superior relacionados con el sector industrial. Los ciclos formativos de grado superior otorgan el t\u00edtulo de T\u00e9cnico Especialista en Formaci\u00f3n Profesional.","og_url":"https:\/\/armeriaeskola.eus\/es\/estudios\/grado-superior\/","og_site_name":"Armeria Eskola","article_publisher":"https:\/\/www.facebook.com\/armeriaeskola","article_modified_time":"2025-06-18T15:34:15+00:00","twitter_card":"summary_large_image","twitter_site":"@ArmeriaEskola","twitter_misc":{"Tiempo de lectura":"3 minutos"},"schema":{"@context":"https:\/\/schema.org","@graph":[{"@type":"WebPage","@id":"https:\/\/armeriaeskola.eus\/es\/estudios\/grado-superior\/","url":"https:\/\/armeriaeskola.eus\/es\/estudios\/grado-superior\/","name":"Oferta Ciclos formativos Grado Superior \u2013 CIFP Armeria Eskola","isPartOf":{"@id":"https:\/\/armeriaeskola.eus\/#website"},"datePublished":"2019-03-22T14:54:07+00:00","dateModified":"2025-06-18T15:34:15+00:00","description":"En Armer\u00eda Eskola ofrecemos seis ciclos formativos de grado superior relacionados con el sector industrial. Los ciclos formativos de grado superior otorgan el t\u00edtulo de T\u00e9cnico Especialista en Formaci\u00f3n Profesional.","breadcrumb":{"@id":"https:\/\/armeriaeskola.eus\/es\/estudios\/grado-superior\/#breadcrumb"},"inLanguage":"es","potentialAction":[{"@type":"ReadAction","target":["https:\/\/armeriaeskola.eus\/es\/estudios\/grado-superior\/"]}]},{"@type":"BreadcrumbList","@id":"https:\/\/armeriaeskola.eus\/es\/estudios\/grado-superior\/#breadcrumb","itemListElement":[{"@type":"ListItem","position":1,"name":"Portada","item":"https:\/\/armeriaeskola.eus\/es\/"},{"@type":"ListItem","position":2,"name":"Estudios","item":"https:\/\/armeriaeskola.eus\/es\/estudios\/"},{"@type":"ListItem","position":3,"name":"Grado Superior"}]},{"@type":"WebSite","@id":"https:\/\/armeriaeskola.eus\/#website","url":"https:\/\/armeriaeskola.eus\/","name":"Armeria Eskola","description":"Centro Integral P\u00fablico de Formaci\u00f3n Profesional","publisher":{"@id":"https:\/\/armeriaeskola.eus\/#organization"},"potentialAction":[{"@type":"SearchAction","target":{"@type":"EntryPoint","urlTemplate":"https:\/\/armeriaeskola.eus\/?s={search_term_string}"},"query-input":{"@type":"PropertyValueSpecification","valueRequired":true,"valueName":"search_term_string"}}],"inLanguage":"es"},{"@type":"Organization","@id":"https:\/\/armeriaeskola.eus\/#organization","name":"Armeria Eskola","url":"https:\/\/armeriaeskola.eus\/","logo":{"@type":"ImageObject","inLanguage":"es","@id":"https:\/\/armeriaeskola.eus\/#\/schema\/logo\/image\/","url":"https:\/\/armeriaeskola.eus\/wp-content\/uploads\/armeria-eskola-youtube1.jpg","contentUrl":"https:\/\/armeriaeskola.eus\/wp-content\/uploads\/armeria-eskola-youtube1.jpg","width":1000,"height":501,"caption":"Armeria Eskola"},"image":{"@id":"https:\/\/armeriaeskola.eus\/#\/schema\/logo\/image\/"},"sameAs":["https:\/\/www.facebook.com\/armeriaeskola","https:\/\/x.com\/ArmeriaEskola","https:\/\/www.instagram.com\/armeriaeskola\/","https:\/\/www.linkedin.com\/company\/asociaciondearmeriaeskola\/","https:\/\/www.youtube.com\/user\/100armeriaeskola"]}]}},"_links":{"self":[{"href":"https:\/\/armeriaeskola.eus\/es\/wp-json\/wp\/v2\/pages\/9153","targetHints":{"allow":["GET"]}}],"collection":[{"href":"https:\/\/armeriaeskola.eus\/es\/wp-json\/wp\/v2\/pages"}],"about":[{"href":"https:\/\/armeriaeskola.eus\/es\/wp-json\/wp\/v2\/types\/page"}],"author":[{"embeddable":true,"href":"https:\/\/armeriaeskola.eus\/es\/wp-json\/wp\/v2\/users\/1"}],"replies":[{"embeddable":true,"href":"https:\/\/armeriaeskola.eus\/es\/wp-json\/wp\/v2\/comments?post=9153"}],"version-history":[{"count":4,"href":"https:\/\/armeriaeskola.eus\/es\/wp-json\/wp\/v2\/pages\/9153\/revisions"}],"predecessor-version":[{"id":25308,"href":"https:\/\/armeriaeskola.eus\/es\/wp-json\/wp\/v2\/pages\/9153\/revisions\/25308"}],"up":[{"embeddable":true,"href":"https:\/\/armeriaeskola.eus\/es\/wp-json\/wp\/v2\/pages\/9155"}],"wp:attachment":[{"href":"https:\/\/armeriaeskola.eus\/es\/wp-json\/wp\/v2\/media?parent=9153"}],"curies":[{"name":"wp","href":"https:\/\/api.w.org\/{rel}","templated":true}]}}