{"id":11494,"date":"2020-04-24T11:24:43","date_gmt":"2020-04-24T11:24:43","guid":{"rendered":"\/politica-de-cookies\/"},"modified":"2020-04-24T11:25:32","modified_gmt":"2020-04-24T11:25:32","slug":"politica-de-cookies","status":"publish","type":"page","link":"https:\/\/armeriaeskola.eus\/es\/politica-de-cookies\/","title":{"rendered":"Pol\u00edtica de Cookies"},"content":{"rendered":"<p><strong>Armeria Eskola<\/strong>\u00a0con el objeto de mejorar tu experiencia de navegaci\u00f3n, evaluar el uso de la p\u00e1gina Web, gestionar el contenido de los servicios que te prestamos, ofrecerte nuestros consejos personalizados, e informarte online de nuestros servicios, ofertas para clientes, usuarios o socios, nuestra p\u00e1gina web utiliza dispositivos de implantaci\u00f3n de cookies y almacenamiento de IP.<\/p>\n<p>La cookie es un fichero que depositamos en tu equipo, y cuyo \u00fanico objetivo es simplificar tu navegaci\u00f3n en los portales de popdonostia.com (esta cookie no puede contener virus ni ser ejecutada, porque no es un fichero activo).<\/p>\n<p><strong>Las cookies no contienen informaci\u00f3n que permita identificarte. Todos los datos recogidos en estas cookies se recopilan de manera an\u00f3nima,\u00a0<\/strong>y puedes borrarla si lo deseas, accediendo a la opciones de tu navegador. Sin embargo, la calidad del funcionamiento de los Servicios puede verse afectada<\/p>\n<p>Las Cookies se asocian \u00fanicamente a un Usuario an\u00f3nimo y su ordenador\/dispositivo y no proporcionan referencias que permitan conocer datos personales. A su vez le informamos que terceras partes puedes implantar cookies y almacenar tu IP con diferentes objetivos desde nuestros servicios de Armeria Eskola.<\/p>\n<p>Navegar por Armeria Eskola supone que se puedan instalar los siguientes tipos de Cookies:<\/p>\n<table border=\"1\">\n<tbody>\n<tr>\n<th scope=\"col\">Tipo de Cookie y Terceros<\/th>\n<th scope=\"col\">Descripci\u00f3n<\/th>\n<\/tr>\n<tr>\n<td><strong>T\u00e9cnicas<br \/>\n(Adobe Omniture;Google; The ranking; Twitter)<\/strong><\/td>\n<td>Este tipo de Cookies nos facilita informaci\u00f3n sobre el uso que el Usuario realiza del Portal, como por ejemplo, qu\u00e9 paginas ha visitado, al registrarte, cuando inicias sesi\u00f3n en el Portal o si has tenido problemas t\u00e9cnicos en los accesos a ciertas p\u00e1ginas. Estas cookies no permiten identificarle, puesto que la informaci\u00f3n que recogen es an\u00f3nima y ser\u00e1 utilizada \u00fanicamente para trabajos de mejora de dise\u00f1o de las p\u00e1ginas y de navegaci\u00f3n por el Portal, estad\u00edsticas de uso, etc.<br \/>\n<a href=\"http:\/\/www.adobe.com\/es\/privacy\/cookies.html\">http:\/\/www.adobe.com\/es\/privacy\/cookies.html<\/a><br \/>\n<a href=\"http:\/\/www.google.es\/intl\/es\/policies\/technologies\/types\/\">http:\/\/www.google.es\/intl\/es\/policies\/technologies\/types\/<\/a><br \/>\n<a href=\"http:\/\/www.theranking.com\/cookie-legal\">http:\/\/www.theranking.com\/cookie-legal<\/a><br \/>\n<a href=\"http:\/\/support.twitter.com\/articles\/20170521-el-uso-que-hace-twitter-de-cookies-y-tecnologias-similares\">http:\/\/support.twitter.com\/articles\/20170521-el-uso-que-hace-twitter-de-cookies-y-tecnologias-similares#<\/a><\/td>\n<\/tr>\n<tr>\n<td><strong>Anal\u00edticas<br \/>\n(Adobe Onmiture; Nielsen; Weborama;Audientia; Quisma; The ranking; Zanox; Google Analytics; Mediamind)<\/strong><\/td>\n<td>Se utilizan con fines estad\u00edsticos \u00fanicamente. La informaci\u00f3n se utiliza para medici\u00f3n de la actividad en el sitio web.<br \/>\n<a href=\"http:\/\/www.adobe.com\/es\/privacy\/cookies.html\">http:\/\/www.adobe.com\/es\/privacy\/cookies.html<\/a><br \/>\n<a href=\"http:\/\/www.scorecardresearch.com\/privacy.aspx\">http:\/\/www.scorecardresearch.com\/privacy.aspx<\/a><br \/>\n<a href=\"http:\/\/www.weboscope.com\/free\/charte_free.php?LANGUAGE=UK#22\">http:\/\/www.weboscope.com\/free\/charte_free.php?LANGUAGE=UK#22<\/a><br \/>\n<a href=\"http:\/\/www.zanox.com\/export\/sites\/zanox\/gb\/about-zanox\/privacy\/privacy-policy\/20120822_privacy_statement.pdf\">http:\/\/www.zanox.com\/export\/sites\/zanox\/gb\/about-zanox\/privacy\/privacy-policy\/20120822_privacy_statement.pdf<\/a><br \/>\n<a href=\"http:\/\/privacy.quisma.com\/es\/politica-de-privacidad\/tecnologias-de-quisma\/\">http:\/\/privacy.quisma.com\/es\/politica-de-privacidad\/tecnologias-de-quisma\/<\/a><br \/>\n<a href=\"http:\/\/www.theranking.com\/cookie-legal\">http:\/\/www.theranking.com\/cookie-legal<\/a><br \/>\n<a href=\"http:\/\/www.zanox.com\/export\/sites\/zanox\/gb\/about-zanox\/privacy\/privacy-policy\/20120822_privacy_statement.pdf\">http:\/\/www.zanox.com\/export\/sites\/zanox\/gb\/about-zanox\/privacy\/privacy-policy\/20120822_privacy_statement.pdf<\/a><br \/>\n<a href=\"https:\/\/developers.google.com\/analytics\/devguides\/collection\/analyticsjs\/cookie-usage\">https:\/\/developers.google.com\/analytics\/devguides\/collection\/analyticsjs\/cookie-usage<\/a><br \/>\n<a href=\"http:\/\/es.mediamind.com\/privacy-policy\/\">http:\/\/es.mediamind.com\/privacy-policy\/<\/a><\/td>\n<\/tr>\n<tr>\n<td><strong>De Personalizaci\u00f3n<br \/>\n(Facebook)<\/strong><\/td>\n<td>Este tipo permite personalizar las funciones o contenidos del sitio web en funci\u00f3n de los datos obtenidos del navegador. Mediante estas Cookies podemos presentar un sitio web en el mismo idioma del navegador usado para visitar la web.<br \/>\n<a href=\"https:\/\/fbcdn-dragon-a.akamaihd.net\/cfs-ak-prn1\/676572\/857\/360595310676682_183459869.pdf\">https:\/\/fbcdn-dragon-a.akamaihd.net\/cfs-ak-prn1\/676572\/857\/360595310676682_183459869.pdf<\/a><\/td>\n<\/tr>\n<tr>\n<td><strong>Publicitarias<br \/>\n(Doubleclick; Google)<\/strong><\/td>\n<td>Permiten gesti\u00f3n m\u00e1s eficaz de los espacios publicitarios en base a criterios como el contenidos editado o frecuencia en la que se muestran los anuncios.<br \/>\n<a href=\"https:\/\/support.google.com\/adsense\/answer\/2839090?hl=es\">https:\/\/support.google.com\/adsense\/answer\/2839090?hl=es<\/a><br \/>\n<a href=\"http:\/\/www.google.es\/intl\/es\/policies\/technologies\/types\/\">http:\/\/www.google.es\/intl\/es\/policies\/technologies\/types\/<\/a><\/td>\n<\/tr>\n<tr>\n<td><strong>Publicidad comportamental<br \/>\n(Adobe; Mediamind; Weborama; Tradedoubler; Quisma)<\/strong><\/td>\n<td>Recaban informaci\u00f3n an\u00f3nima sobre h\u00e1bitos de navegaci\u00f3n con el fin de ofrecerle publicidad acorde a sus intereses.<br \/>\n<a href=\"http:\/\/www.adobe.com\/privacy\/advertising-services.html\">http:\/\/www.adobe.com\/privacy\/advertising-services.html<\/a><br \/>\n<a href=\"http:\/\/es.mediamind.com\/privacy-policy\/\">http:\/\/es.mediamind.com\/privacy-policy\/<\/a><br \/>\n<a href=\"http:\/\/www.weboscope.com\/free\/charte_free.php?LANGUAGE=UK#22\">http:\/\/www.weboscope.com\/free\/charte_free.php?LANGUAGE=UK#22<\/a><br \/>\n<a href=\"http:\/\/www.tradedoubler.com\/es-es\/privacy-policy\/\">http:\/\/www.tradedoubler.com\/es-es\/privacy-policy\/<\/a><br \/>\n<a href=\"http:\/\/privacy.quisma.com\/es\/politica-de-privacidad\/tecnologias-de-quisma\/\">http:\/\/privacy.quisma.com\/es\/politica-de-privacidad\/tecnologias-de-quisma\/<\/a><\/td>\n<\/tr>\n<\/tbody>\n<\/table>\n<p>Esta informaci\u00f3n la utilizamos para mejorar nuestras p\u00e1ginas, detectar nuevas necesidades y valorar las mejoras a introducir con la finalidad de prestar un mejor servicio a los usuarios que nos visitan adapt\u00e1ndolas por ejemplo a los navegadores o terminales m\u00e1s utilizados.<\/p>\n<p>Para permitir, conocer, bloquear o eliminar las cookies instaladas en tu equipo puedes hacerlo mediante la configuraci\u00f3n de las opciones del navegador instalado en su ordenador.<\/p>\n<p>Por ejemplo puedes encontrar informaci\u00f3n sobre c\u00f3mo hacerlo como hacerlo en el caso que uses como navegador:<\/p>\n<ul>\n<li>Firefox desde\u00a0<a href=\"http:\/\/support.mozilla.org\/es\/kb\/habilitar-y-deshabilitar-cookies-que-los-sitios-we\">http:\/\/support.mozilla.org\/es\/kb\/habilitar-y-deshabilitar-cookies-que-los-sitios-we<\/a><\/li>\n<li>Chrome desde\u00a0<a href=\"http:\/\/support.google.com\/chrome\/bin\/answer.py?hl=es&amp;answer=95647\">http:\/\/support.google.com\/chrome\/bin\/answer.py?hl=es&amp;answer=95647<\/a><\/li>\n<li>Explorer desde\u00a0<a href=\"http:\/\/windows.microsoft.com\/es-es\/windows7\/how-to-manage-cookies-in-internet-explorer-9\">http:\/\/windows.microsoft.com\/es-es\/windows7\/how-to-manage-cookies-in-internet-explorer-9<\/a><\/li>\n<li>Safari desde\u00a0<a href=\"http:\/\/support.apple.com\/kb\/ph5042\">http:\/\/support.apple.com\/kb\/ph5042<\/a><\/li>\n<\/ul>\n<p>Armeria Eskola puede modificar esta Pol\u00edtica de Cookies en funci\u00f3n de nuevas exigencias legislativas, reglamentarias, o con la finalidad de adaptar dicha pol\u00edtica a las instrucciones dictadas por la Agencia Espa\u00f1ola de Protecci\u00f3n de Datos.<\/p>\n<p>Por ello, es posible que actualicemos la Pol\u00edtica de Cookies de nuestro Portal, recomend\u00e1ndole revisar esta pol\u00edtica en alguna ocasi\u00f3n que acceda a Armeria Eskola, con el objetivo de estar adecuadamente informado sobre c\u00f3mo y para qu\u00e9 usamos las Cookies.<\/p>\n","protected":false},"excerpt":{"rendered":"<p>Armeria Eskola\u00a0con el objeto de mejorar tu experiencia de navegaci\u00f3n, evaluar el uso de la p\u00e1gina Web, gestionar el contenido de los servicios que te prestamos, ofrecerte nuestros consejos personalizados, e informarte online de nuestros servicios, ofertas para clientes, usuarios &hellip; <\/p>\n","protected":false},"author":1,"featured_media":0,"parent":0,"menu_order":100,"comment_status":"closed","ping_status":"closed","template":"","meta":{"_acf_changed":false,"footnotes":""},"class_list":["post-11494","page","type-page","status-publish","hentry"],"acf":[],"yoast_head":"<!-- This site is optimized with the Yoast SEO plugin v27.2 - https:\/\/yoast.com\/product\/yoast-seo-wordpress\/ -->\n<title>Pol\u00edtica de Cookies - Armeria Eskola<\/title>\n<meta name=\"robots\" content=\"noindex, nofollow\" \/>\n<meta property=\"og:locale\" content=\"es_ES\" \/>\n<meta property=\"og:type\" content=\"article\" \/>\n<meta property=\"og:title\" content=\"Pol\u00edtica de Cookies - Armeria Eskola\" \/>\n<meta property=\"og:description\" content=\"Armeria Eskola\u00a0con el objeto de mejorar tu experiencia de navegaci\u00f3n, evaluar el uso de la p\u00e1gina Web, gestionar el contenido de los servicios que te prestamos, ofrecerte nuestros consejos personalizados, e informarte online de nuestros servicios, ofertas para clientes, usuarios &hellip;\" \/>\n<meta property=\"og:url\" content=\"https:\/\/armeriaeskola.eus\/es\/politica-de-cookies\/\" \/>\n<meta property=\"og:site_name\" content=\"Armeria Eskola\" \/>\n<meta property=\"article:publisher\" content=\"https:\/\/www.facebook.com\/armeriaeskola\" \/>\n<meta property=\"article:modified_time\" content=\"2020-04-24T11:25:32+00:00\" \/>\n<meta name=\"twitter:card\" content=\"summary_large_image\" \/>\n<meta name=\"twitter:site\" content=\"@ArmeriaEskola\" \/>\n<meta name=\"twitter:label1\" content=\"Tiempo de lectura\" \/>\n\t<meta name=\"twitter:data1\" content=\"4 minutos\" \/>\n<script type=\"application\/ld+json\" class=\"yoast-schema-graph\">{\"@context\":\"https:\/\/schema.org\",\"@graph\":[{\"@type\":\"WebPage\",\"@id\":\"https:\/\/armeriaeskola.eus\/es\/politica-de-cookies\/\",\"url\":\"https:\/\/armeriaeskola.eus\/es\/politica-de-cookies\/\",\"name\":\"Pol\u00edtica de Cookies - Armeria Eskola\",\"isPartOf\":{\"@id\":\"https:\/\/armeriaeskola.eus\/#website\"},\"datePublished\":\"2020-04-24T11:24:43+00:00\",\"dateModified\":\"2020-04-24T11:25:32+00:00\",\"breadcrumb\":{\"@id\":\"https:\/\/armeriaeskola.eus\/es\/politica-de-cookies\/#breadcrumb\"},\"inLanguage\":\"es\",\"potentialAction\":[{\"@type\":\"ReadAction\",\"target\":[\"https:\/\/armeriaeskola.eus\/es\/politica-de-cookies\/\"]}]},{\"@type\":\"BreadcrumbList\",\"@id\":\"https:\/\/armeriaeskola.eus\/es\/politica-de-cookies\/#breadcrumb\",\"itemListElement\":[{\"@type\":\"ListItem\",\"position\":1,\"name\":\"Portada\",\"item\":\"https:\/\/armeriaeskola.eus\/es\/\"},{\"@type\":\"ListItem\",\"position\":2,\"name\":\"Pol\u00edtica de Cookies\"}]},{\"@type\":\"WebSite\",\"@id\":\"https:\/\/armeriaeskola.eus\/#website\",\"url\":\"https:\/\/armeriaeskola.eus\/\",\"name\":\"Armeria Eskola\",\"description\":\"Centro Integral P\u00fablico de Formaci\u00f3n Profesional\",\"publisher\":{\"@id\":\"https:\/\/armeriaeskola.eus\/#organization\"},\"potentialAction\":[{\"@type\":\"SearchAction\",\"target\":{\"@type\":\"EntryPoint\",\"urlTemplate\":\"https:\/\/armeriaeskola.eus\/?s={search_term_string}\"},\"query-input\":{\"@type\":\"PropertyValueSpecification\",\"valueRequired\":true,\"valueName\":\"search_term_string\"}}],\"inLanguage\":\"es\"},{\"@type\":\"Organization\",\"@id\":\"https:\/\/armeriaeskola.eus\/#organization\",\"name\":\"Armeria Eskola\",\"url\":\"https:\/\/armeriaeskola.eus\/\",\"logo\":{\"@type\":\"ImageObject\",\"inLanguage\":\"es\",\"@id\":\"https:\/\/armeriaeskola.eus\/#\/schema\/logo\/image\/\",\"url\":\"https:\/\/armeriaeskola.eus\/wp-content\/uploads\/armeria-eskola-youtube1.jpg\",\"contentUrl\":\"https:\/\/armeriaeskola.eus\/wp-content\/uploads\/armeria-eskola-youtube1.jpg\",\"width\":1000,\"height\":501,\"caption\":\"Armeria Eskola\"},\"image\":{\"@id\":\"https:\/\/armeriaeskola.eus\/#\/schema\/logo\/image\/\"},\"sameAs\":[\"https:\/\/www.facebook.com\/armeriaeskola\",\"https:\/\/x.com\/ArmeriaEskola\",\"https:\/\/www.instagram.com\/armeriaeskola\/\",\"https:\/\/www.linkedin.com\/company\/asociaciondearmeriaeskola\/\",\"https:\/\/www.youtube.com\/user\/100armeriaeskola\"]}]}<\/script>\n<!-- \/ Yoast SEO plugin. -->","yoast_head_json":{"title":"Pol\u00edtica de Cookies - Armeria Eskola","robots":{"index":"noindex","follow":"nofollow"},"og_locale":"es_ES","og_type":"article","og_title":"Pol\u00edtica de Cookies - Armeria Eskola","og_description":"Armeria Eskola\u00a0con el objeto de mejorar tu experiencia de navegaci\u00f3n, evaluar el uso de la p\u00e1gina Web, gestionar el contenido de los servicios que te prestamos, ofrecerte nuestros consejos personalizados, e informarte online de nuestros servicios, ofertas para clientes, usuarios &hellip;","og_url":"https:\/\/armeriaeskola.eus\/es\/politica-de-cookies\/","og_site_name":"Armeria Eskola","article_publisher":"https:\/\/www.facebook.com\/armeriaeskola","article_modified_time":"2020-04-24T11:25:32+00:00","twitter_card":"summary_large_image","twitter_site":"@ArmeriaEskola","twitter_misc":{"Tiempo de lectura":"4 minutos"},"schema":{"@context":"https:\/\/schema.org","@graph":[{"@type":"WebPage","@id":"https:\/\/armeriaeskola.eus\/es\/politica-de-cookies\/","url":"https:\/\/armeriaeskola.eus\/es\/politica-de-cookies\/","name":"Pol\u00edtica de Cookies - Armeria Eskola","isPartOf":{"@id":"https:\/\/armeriaeskola.eus\/#website"},"datePublished":"2020-04-24T11:24:43+00:00","dateModified":"2020-04-24T11:25:32+00:00","breadcrumb":{"@id":"https:\/\/armeriaeskola.eus\/es\/politica-de-cookies\/#breadcrumb"},"inLanguage":"es","potentialAction":[{"@type":"ReadAction","target":["https:\/\/armeriaeskola.eus\/es\/politica-de-cookies\/"]}]},{"@type":"BreadcrumbList","@id":"https:\/\/armeriaeskola.eus\/es\/politica-de-cookies\/#breadcrumb","itemListElement":[{"@type":"ListItem","position":1,"name":"Portada","item":"https:\/\/armeriaeskola.eus\/es\/"},{"@type":"ListItem","position":2,"name":"Pol\u00edtica de Cookies"}]},{"@type":"WebSite","@id":"https:\/\/armeriaeskola.eus\/#website","url":"https:\/\/armeriaeskola.eus\/","name":"Armeria Eskola","description":"Centro Integral P\u00fablico de Formaci\u00f3n Profesional","publisher":{"@id":"https:\/\/armeriaeskola.eus\/#organization"},"potentialAction":[{"@type":"SearchAction","target":{"@type":"EntryPoint","urlTemplate":"https:\/\/armeriaeskola.eus\/?s={search_term_string}"},"query-input":{"@type":"PropertyValueSpecification","valueRequired":true,"valueName":"search_term_string"}}],"inLanguage":"es"},{"@type":"Organization","@id":"https:\/\/armeriaeskola.eus\/#organization","name":"Armeria Eskola","url":"https:\/\/armeriaeskola.eus\/","logo":{"@type":"ImageObject","inLanguage":"es","@id":"https:\/\/armeriaeskola.eus\/#\/schema\/logo\/image\/","url":"https:\/\/armeriaeskola.eus\/wp-content\/uploads\/armeria-eskola-youtube1.jpg","contentUrl":"https:\/\/armeriaeskola.eus\/wp-content\/uploads\/armeria-eskola-youtube1.jpg","width":1000,"height":501,"caption":"Armeria Eskola"},"image":{"@id":"https:\/\/armeriaeskola.eus\/#\/schema\/logo\/image\/"},"sameAs":["https:\/\/www.facebook.com\/armeriaeskola","https:\/\/x.com\/ArmeriaEskola","https:\/\/www.instagram.com\/armeriaeskola\/","https:\/\/www.linkedin.com\/company\/asociaciondearmeriaeskola\/","https:\/\/www.youtube.com\/user\/100armeriaeskola"]}]}},"_links":{"self":[{"href":"https:\/\/armeriaeskola.eus\/es\/wp-json\/wp\/v2\/pages\/11494","targetHints":{"allow":["GET"]}}],"collection":[{"href":"https:\/\/armeriaeskola.eus\/es\/wp-json\/wp\/v2\/pages"}],"about":[{"href":"https:\/\/armeriaeskola.eus\/es\/wp-json\/wp\/v2\/types\/page"}],"author":[{"embeddable":true,"href":"https:\/\/armeriaeskola.eus\/es\/wp-json\/wp\/v2\/users\/1"}],"replies":[{"embeddable":true,"href":"https:\/\/armeriaeskola.eus\/es\/wp-json\/wp\/v2\/comments?post=11494"}],"version-history":[{"count":0,"href":"https:\/\/armeriaeskola.eus\/es\/wp-json\/wp\/v2\/pages\/11494\/revisions"}],"wp:attachment":[{"href":"https:\/\/armeriaeskola.eus\/es\/wp-json\/wp\/v2\/media?parent=11494"}],"curies":[{"name":"wp","href":"https:\/\/api.w.org\/{rel}","templated":true}]}}