{"id":11487,"date":"2020-04-24T11:22:21","date_gmt":"2020-04-24T11:22:21","guid":{"rendered":"\/condiciones-de-uso\/"},"modified":"2020-04-24T11:23:34","modified_gmt":"2020-04-24T11:23:34","slug":"condiciones-de-uso","status":"publish","type":"page","link":"https:\/\/armeriaeskola.eus\/es\/condiciones-de-uso\/","title":{"rendered":"Condiciones de uso"},"content":{"rendered":"<p><strong>Armeria Eskola<\/strong>\u00a0no puede asumir ninguna responsabilidad derivada del uso incorrecto, inapropiado o il\u00edcito de la informaci\u00f3n aparecida en las p\u00e1ginas de Internet de\u00a0<strong>Armeria Eskola<\/strong>.<\/p>\n<p>Con los l\u00edmites establecidos en la ley,\u00a0<strong>Armeria Eskola<\/strong>\u00a0no asume ninguna responsabilidad derivada de la falta de veracidad, integridad, actualizaci\u00f3n y precisi\u00f3n de los datos o informaciones que se contienen en sus p\u00e1ginas de Internet.<\/p>\n<p>Los contenidos e informaci\u00f3n de las p\u00e1ginas de Internet de\u00a0<strong>Armeria Eskola<\/strong>\u00a0est\u00e1n elaborados por profesionales debidamente cualificados. Sin embargo, los contenidos e informaci\u00f3n no vinculan a\u00a0<strong>Armeria Eskola<\/strong>\u00a0ni constituyen opiniones, consejos, presupuesto o asesoramientos de ning\u00fan tipo pues se trata meramente de un servicio ofrecido con car\u00e1cter informativo y divulgativo.<\/p>\n<p>El website de\u00a0<strong>Armeria Eskola<\/strong>\u00a0pueden contener enlaces (links) a otras p\u00e1ginas de terceras partes que\u00a0<strong>Armeria Eskola<\/strong>\u00a0no puede controlar. Por lo tanto,\u00a0<strong>Armeria Eskola<\/strong>\u00a0no puede asumir responsabilidades por el contenido que pueda aparecer en p\u00e1ginas de terceros.<\/p>\n<p>Los textos, im\u00e1genes, sonidos, animaciones, software y el resto de contenidos incluidos en este website son propiedad exclusiva de\u00a0<strong>Armeria Eskola<\/strong>\u00a0o sus licenciantes. Cualquier acto de transmisi\u00f3n, distribuci\u00f3n, cesi\u00f3n, reproducci\u00f3n, almacenamiento o comunicaci\u00f3n p\u00fablica total o parcial, debe contar con el consentimiento expreso de\u00a0<strong>Armeria Eskola<\/strong>.<\/p>\n","protected":false},"excerpt":{"rendered":"<p>Armeria Eskola\u00a0no puede asumir ninguna responsabilidad derivada del uso incorrecto, inapropiado o il\u00edcito de la informaci\u00f3n aparecida en las p\u00e1ginas de Internet de\u00a0Armeria Eskola. Con los l\u00edmites establecidos en la ley,\u00a0Armeria Eskola\u00a0no asume ninguna responsabilidad derivada de la falta de &hellip; <\/p>\n","protected":false},"author":1,"featured_media":0,"parent":0,"menu_order":101,"comment_status":"closed","ping_status":"closed","template":"","meta":{"_acf_changed":false,"footnotes":""},"class_list":["post-11487","page","type-page","status-publish","hentry"],"acf":[],"yoast_head":"<!-- This site is optimized with the Yoast SEO plugin v27.2 - https:\/\/yoast.com\/product\/yoast-seo-wordpress\/ -->\n<title>Condiciones de uso - Armeria Eskola<\/title>\n<meta name=\"robots\" content=\"noindex, nofollow\" \/>\n<meta property=\"og:locale\" content=\"es_ES\" \/>\n<meta property=\"og:type\" content=\"article\" \/>\n<meta property=\"og:title\" content=\"Condiciones de uso - Armeria Eskola\" \/>\n<meta property=\"og:description\" content=\"Armeria Eskola\u00a0no puede asumir ninguna responsabilidad derivada del uso incorrecto, inapropiado o il\u00edcito de la informaci\u00f3n aparecida en las p\u00e1ginas de Internet de\u00a0Armeria Eskola. Con los l\u00edmites establecidos en la ley,\u00a0Armeria Eskola\u00a0no asume ninguna responsabilidad derivada de la falta de &hellip;\" \/>\n<meta property=\"og:url\" content=\"https:\/\/armeriaeskola.eus\/es\/condiciones-de-uso\/\" \/>\n<meta property=\"og:site_name\" content=\"Armeria Eskola\" \/>\n<meta property=\"article:publisher\" content=\"https:\/\/www.facebook.com\/armeriaeskola\" \/>\n<meta property=\"article:modified_time\" content=\"2020-04-24T11:23:34+00:00\" \/>\n<meta name=\"twitter:card\" content=\"summary_large_image\" \/>\n<meta name=\"twitter:site\" content=\"@ArmeriaEskola\" \/>\n<meta name=\"twitter:label1\" content=\"Tiempo de lectura\" \/>\n\t<meta name=\"twitter:data1\" content=\"1 minuto\" \/>\n<script type=\"application\/ld+json\" class=\"yoast-schema-graph\">{\"@context\":\"https:\/\/schema.org\",\"@graph\":[{\"@type\":\"WebPage\",\"@id\":\"https:\/\/armeriaeskola.eus\/es\/condiciones-de-uso\/\",\"url\":\"https:\/\/armeriaeskola.eus\/es\/condiciones-de-uso\/\",\"name\":\"Condiciones de uso - Armeria Eskola\",\"isPartOf\":{\"@id\":\"https:\/\/armeriaeskola.eus\/#website\"},\"datePublished\":\"2020-04-24T11:22:21+00:00\",\"dateModified\":\"2020-04-24T11:23:34+00:00\",\"breadcrumb\":{\"@id\":\"https:\/\/armeriaeskola.eus\/es\/condiciones-de-uso\/#breadcrumb\"},\"inLanguage\":\"es\",\"potentialAction\":[{\"@type\":\"ReadAction\",\"target\":[\"https:\/\/armeriaeskola.eus\/es\/condiciones-de-uso\/\"]}]},{\"@type\":\"BreadcrumbList\",\"@id\":\"https:\/\/armeriaeskola.eus\/es\/condiciones-de-uso\/#breadcrumb\",\"itemListElement\":[{\"@type\":\"ListItem\",\"position\":1,\"name\":\"Portada\",\"item\":\"https:\/\/armeriaeskola.eus\/es\/\"},{\"@type\":\"ListItem\",\"position\":2,\"name\":\"Condiciones de uso\"}]},{\"@type\":\"WebSite\",\"@id\":\"https:\/\/armeriaeskola.eus\/#website\",\"url\":\"https:\/\/armeriaeskola.eus\/\",\"name\":\"Armeria Eskola\",\"description\":\"Centro Integral P\u00fablico de Formaci\u00f3n Profesional\",\"publisher\":{\"@id\":\"https:\/\/armeriaeskola.eus\/#organization\"},\"potentialAction\":[{\"@type\":\"SearchAction\",\"target\":{\"@type\":\"EntryPoint\",\"urlTemplate\":\"https:\/\/armeriaeskola.eus\/?s={search_term_string}\"},\"query-input\":{\"@type\":\"PropertyValueSpecification\",\"valueRequired\":true,\"valueName\":\"search_term_string\"}}],\"inLanguage\":\"es\"},{\"@type\":\"Organization\",\"@id\":\"https:\/\/armeriaeskola.eus\/#organization\",\"name\":\"Armeria Eskola\",\"url\":\"https:\/\/armeriaeskola.eus\/\",\"logo\":{\"@type\":\"ImageObject\",\"inLanguage\":\"es\",\"@id\":\"https:\/\/armeriaeskola.eus\/#\/schema\/logo\/image\/\",\"url\":\"https:\/\/armeriaeskola.eus\/wp-content\/uploads\/armeria-eskola-youtube1.jpg\",\"contentUrl\":\"https:\/\/armeriaeskola.eus\/wp-content\/uploads\/armeria-eskola-youtube1.jpg\",\"width\":1000,\"height\":501,\"caption\":\"Armeria Eskola\"},\"image\":{\"@id\":\"https:\/\/armeriaeskola.eus\/#\/schema\/logo\/image\/\"},\"sameAs\":[\"https:\/\/www.facebook.com\/armeriaeskola\",\"https:\/\/x.com\/ArmeriaEskola\",\"https:\/\/www.instagram.com\/armeriaeskola\/\",\"https:\/\/www.linkedin.com\/company\/asociaciondearmeriaeskola\/\",\"https:\/\/www.youtube.com\/user\/100armeriaeskola\"]}]}<\/script>\n<!-- \/ Yoast SEO plugin. -->","yoast_head_json":{"title":"Condiciones de uso - Armeria Eskola","robots":{"index":"noindex","follow":"nofollow"},"og_locale":"es_ES","og_type":"article","og_title":"Condiciones de uso - Armeria Eskola","og_description":"Armeria Eskola\u00a0no puede asumir ninguna responsabilidad derivada del uso incorrecto, inapropiado o il\u00edcito de la informaci\u00f3n aparecida en las p\u00e1ginas de Internet de\u00a0Armeria Eskola. Con los l\u00edmites establecidos en la ley,\u00a0Armeria Eskola\u00a0no asume ninguna responsabilidad derivada de la falta de &hellip;","og_url":"https:\/\/armeriaeskola.eus\/es\/condiciones-de-uso\/","og_site_name":"Armeria Eskola","article_publisher":"https:\/\/www.facebook.com\/armeriaeskola","article_modified_time":"2020-04-24T11:23:34+00:00","twitter_card":"summary_large_image","twitter_site":"@ArmeriaEskola","twitter_misc":{"Tiempo de lectura":"1 minuto"},"schema":{"@context":"https:\/\/schema.org","@graph":[{"@type":"WebPage","@id":"https:\/\/armeriaeskola.eus\/es\/condiciones-de-uso\/","url":"https:\/\/armeriaeskola.eus\/es\/condiciones-de-uso\/","name":"Condiciones de uso - Armeria Eskola","isPartOf":{"@id":"https:\/\/armeriaeskola.eus\/#website"},"datePublished":"2020-04-24T11:22:21+00:00","dateModified":"2020-04-24T11:23:34+00:00","breadcrumb":{"@id":"https:\/\/armeriaeskola.eus\/es\/condiciones-de-uso\/#breadcrumb"},"inLanguage":"es","potentialAction":[{"@type":"ReadAction","target":["https:\/\/armeriaeskola.eus\/es\/condiciones-de-uso\/"]}]},{"@type":"BreadcrumbList","@id":"https:\/\/armeriaeskola.eus\/es\/condiciones-de-uso\/#breadcrumb","itemListElement":[{"@type":"ListItem","position":1,"name":"Portada","item":"https:\/\/armeriaeskola.eus\/es\/"},{"@type":"ListItem","position":2,"name":"Condiciones de uso"}]},{"@type":"WebSite","@id":"https:\/\/armeriaeskola.eus\/#website","url":"https:\/\/armeriaeskola.eus\/","name":"Armeria Eskola","description":"Centro Integral P\u00fablico de Formaci\u00f3n Profesional","publisher":{"@id":"https:\/\/armeriaeskola.eus\/#organization"},"potentialAction":[{"@type":"SearchAction","target":{"@type":"EntryPoint","urlTemplate":"https:\/\/armeriaeskola.eus\/?s={search_term_string}"},"query-input":{"@type":"PropertyValueSpecification","valueRequired":true,"valueName":"search_term_string"}}],"inLanguage":"es"},{"@type":"Organization","@id":"https:\/\/armeriaeskola.eus\/#organization","name":"Armeria Eskola","url":"https:\/\/armeriaeskola.eus\/","logo":{"@type":"ImageObject","inLanguage":"es","@id":"https:\/\/armeriaeskola.eus\/#\/schema\/logo\/image\/","url":"https:\/\/armeriaeskola.eus\/wp-content\/uploads\/armeria-eskola-youtube1.jpg","contentUrl":"https:\/\/armeriaeskola.eus\/wp-content\/uploads\/armeria-eskola-youtube1.jpg","width":1000,"height":501,"caption":"Armeria Eskola"},"image":{"@id":"https:\/\/armeriaeskola.eus\/#\/schema\/logo\/image\/"},"sameAs":["https:\/\/www.facebook.com\/armeriaeskola","https:\/\/x.com\/ArmeriaEskola","https:\/\/www.instagram.com\/armeriaeskola\/","https:\/\/www.linkedin.com\/company\/asociaciondearmeriaeskola\/","https:\/\/www.youtube.com\/user\/100armeriaeskola"]}]}},"_links":{"self":[{"href":"https:\/\/armeriaeskola.eus\/es\/wp-json\/wp\/v2\/pages\/11487","targetHints":{"allow":["GET"]}}],"collection":[{"href":"https:\/\/armeriaeskola.eus\/es\/wp-json\/wp\/v2\/pages"}],"about":[{"href":"https:\/\/armeriaeskola.eus\/es\/wp-json\/wp\/v2\/types\/page"}],"author":[{"embeddable":true,"href":"https:\/\/armeriaeskola.eus\/es\/wp-json\/wp\/v2\/users\/1"}],"replies":[{"embeddable":true,"href":"https:\/\/armeriaeskola.eus\/es\/wp-json\/wp\/v2\/comments?post=11487"}],"version-history":[{"count":0,"href":"https:\/\/armeriaeskola.eus\/es\/wp-json\/wp\/v2\/pages\/11487\/revisions"}],"wp:attachment":[{"href":"https:\/\/armeriaeskola.eus\/es\/wp-json\/wp\/v2\/media?parent=11487"}],"curies":[{"name":"wp","href":"https:\/\/api.w.org\/{rel}","templated":true}]}}