{"id":11046,"date":"2020-04-13T19:04:47","date_gmt":"2020-04-13T17:04:47","guid":{"rendered":"\/?page_id=11046"},"modified":"2025-09-23T12:55:52","modified_gmt":"2025-09-23T10:55:52","slug":"alumnos","status":"publish","type":"page","link":"https:\/\/armeriaeskola.eus\/es\/alumnos\/","title":{"rendered":"Alumnos"},"content":{"rendered":"<div class=\"wpb-content-wrapper\"><p>[vc_section full_width=\u00bbstretch_row\u00bb][vc_row css=\u00bb.vc_custom_1585757720668{background-position: 0 0 !important;background-repeat: no-repeat !important;}\u00bb][vc_column width=\u00bb1\/6&#8243;][\/vc_column][vc_column width=\u00bb2\/3&#8243;][vc_single_image image=\u00bb9420&#8243; img_size=\u00bbfull\u00bb alignment=\u00bbcenter\u00bb css=\u00bb.vc_custom_1585647315995{margin-bottom: 0px !important;padding-bottom: 0px !important;}\u00bb][vc_row_inner css=\u00bb.vc_custom_1585647495981{margin-bottom: 25px !important;padding-bottom: 0px !important;}\u00bb][vc_column_inner width=\u00bb1\/6&#8243;][\/vc_column_inner][vc_column_inner width=\u00bb2\/3&#8243;][vc_custom_heading text=\u00bb<strong>Recursos para alumnos<\/strong>\u00bb font_container=\u00bbtag:h1|font_size:34px|text_align:center|color:%23a12e33|line_height:40px\u00bb google_fonts=\u00bbfont_family:Roboto%3A100%2C100italic%2C300%2C300italic%2Cregular%2Citalic%2C500%2C500italic%2C700%2C700italic%2C900%2C900italic|font_style:700%20bold%20regular%3A700%3Anormal\u00bb][\/vc_column_inner][vc_column_inner width=\u00bb1\/6&#8243;][\/vc_column_inner][\/vc_row_inner][\/vc_column][vc_column width=\u00bb1\/6&#8243;][\/vc_column][\/vc_row][\/vc_section][vc_row equal_height=\u00bbyes\u00bb content_placement=\u00bbbottom\u00bb parallax=\u00bbcontent-moving\u00bb parallax_image=\u00bb17969&#8243; css=\u00bb.vc_custom_1643276101200{margin-top: 0px !important;margin-bottom: 0px !important;margin-left: 0px !important;padding-top: 20px !important;padding-bottom: 20px !important;padding-left: 0px !important;}\u00bb el_class=\u00bbcajasiconos\u00bb][vc_column css=\u00bb.vc_custom_1586803667046{margin-top: 0px !important;margin-bottom: 0px !important;margin-left: 0px !important;padding-top: 0px !important;padding-bottom: 0px !important;padding-left: 0px !important;background-position: center !important;background-repeat: no-repeat !important;background-size: cover !important;}\u00bb][vc_single_image image=\u00bb10894&#8243; img_size=\u00bbfull\u00bb alignment=\u00bbcenter\u00bb][\/vc_column][\/vc_row][vc_row][vc_column][vc_empty_space][\/vc_column][\/vc_row][vc_row equal_height=\u00bbyes\u00bb content_placement=\u00bbbottom\u00bb css=\u00bb.vc_custom_1585757675730{margin-top: 0px !important;margin-bottom: 0px !important;margin-left: 0px !important;padding-top: 0px !important;padding-bottom: 0px !important;padding-left: 0px !important;background-position: 0 0 !important;background-repeat: no-repeat !important;}\u00bb el_class=\u00bbcajasiconos\u00bb el_id=\u00bbgrado-medio\u00bb][vc_column el_class=\u00bbcajamargen\u00bb css=\u00bb.vc_custom_1585757079817{margin-top: 0px !important;margin-bottom: 0px !important;padding-top: 0px !important;padding-bottom: 0px !important;}\u00bb][vc_row_inner][vc_column_inner width=\u00bb1\/3&#8243; css=\u00bb.vc_custom_1585648392824{margin-bottom: 18px !important;}\u00bb]<div class=\"thim-widget-icon-box template-base\"><div class=\"wrapper-box-icon has_custom_image text-left image_box\" ><div class=\"smicon-box iconbox-left\" style=\"--icon-color:#ffffff;--icon-width: 115px;--icon-height: 120px;\"><div class=\"boxes-icon\"><a class=\"icon-box-link\" target=\"_blank\" href=\"https:\/\/egela.armeriaeskola.com\/\"><span class=\"inner-icon\"><span class=\"icon icon-images\"><img loading=\"lazy\" decoding=\"async\" src=\"https:\/\/armeriaeskola.eus\/wp-content\/uploads\/2020\/03\/armeria-eskola-icono-grado-superior.png\" alt=\"Icono de grado superior\"  width=\"80\" height=\"80\"><\/span><\/span><\/span><\/a><\/div><div class=\"content-inner\"><div class=\"sc-heading article_heading\"><h2 class = \"heading__primary\" style=\"--title-color: #000000;\"><a class=\"icon-box-link\" target=\"_blank\" href=\"https:\/\/egela.armeriaeskola.com\/\">PLATAFORMA DE FORMACI\u00d3N<\/a><\/h2><\/div><\/div><\/div><\/div><\/div>[\/vc_column_inner][vc_column_inner width=\u00bb1\/3&#8243;]<div class=\"thim-widget-icon-box template-base\"><div class=\"wrapper-box-icon has_custom_image text-left image_box\" ><div class=\"smicon-box iconbox-left\" style=\"--icon-color:#ffffff;--icon-width: 115px;--icon-height: 120px;\"><div class=\"boxes-icon\"><a class=\"icon-box-link\" target=\"_blank\" href=\"http:\/\/posta.armeriaeskola.eus\/\"><span class=\"inner-icon\"><span class=\"icon icon-images\"><img loading=\"lazy\" decoding=\"async\" src=\"https:\/\/armeriaeskola.eus\/wp-content\/uploads\/2020\/04\/armeria-eskola-icono-correo.png\" alt=\"Icono correo\"  width=\"80\" height=\"80\"><\/span><\/span><\/span><\/a><\/div><div class=\"content-inner\"><div class=\"sc-heading article_heading\"><h2 class = \"heading__primary\" style=\"--title-color: #000000;\"><a class=\"icon-box-link\" target=\"_blank\" href=\"http:\/\/posta.armeriaeskola.eus\/\">CORREO<\/a><\/h2><\/div><\/div><\/div><\/div><\/div>[\/vc_column_inner][vc_column_inner width=\u00bb1\/3&#8243;]<div class=\"thim-widget-icon-box template-base\"><div class=\"wrapper-box-icon has_custom_image text-left image_box\" ><div class=\"smicon-box iconbox-left\" style=\"--icon-color:#ffffff;--icon-width: 115px;--icon-height: 120px;\"><div class=\"boxes-icon\"><a class=\"icon-box-link\" target=\"_blank\" href=\"http:\/\/comunidad.inlan.es\/armeriaeskola\"><span class=\"inner-icon\"><span class=\"icon icon-images\"><img loading=\"lazy\" decoding=\"async\" src=\"https:\/\/armeriaeskola.eus\/wp-content\/uploads\/2020\/03\/armeria-eskola-icono-formacion-empleo.png\" alt=\"Icono de formacion para el empleo\"  width=\"80\" height=\"80\"><\/span><\/span><\/span><\/a><\/div><div class=\"content-inner\"><div class=\"sc-heading article_heading\"><h2 class = \"heading__primary\" style=\"--title-color: #000000;\"><a class=\"icon-box-link\" target=\"_blank\" href=\"http:\/\/comunidad.inlan.es\/armeriaeskola\">BOLSA DE TRABAJO<\/a><\/h2><\/div><\/div><\/div><\/div><\/div>[\/vc_column_inner][\/vc_row_inner][vc_row_inner css=\u00bb.vc_custom_1585757169703{margin-bottom: 0px !important;padding-bottom: 0px !important;}\u00bb][vc_column_inner width=\u00bb1\/3&#8243;]<div class=\"thim-widget-icon-box template-base\"><div class=\"wrapper-box-icon has_custom_image text-left image_box\" ><div class=\"smicon-box iconbox-left\" style=\"--icon-color:#ffffff;--icon-width: 115px;--icon-height: 120px;\"><div class=\"boxes-icon\"><a class=\"icon-box-link\" target=\"_blank\" href=\"https:\/\/ikasgunea.euskadi.eus\/es\/inicio\"><span class=\"inner-icon\"><span class=\"icon icon-images\"><img loading=\"lazy\" decoding=\"async\" src=\"https:\/\/armeriaeskola.eus\/wp-content\/uploads\/2020\/03\/armeria-eskola-icono-programas-de-espacializacion.png\" alt=\"Icono de programas de especializacion\"  width=\"80\" height=\"80\"><\/span><\/span><\/span><\/a><\/div><div class=\"content-inner\"><div class=\"sc-heading article_heading\"><h2 class = \"heading__primary\" style=\"--title-color: #000000;\"><a class=\"icon-box-link\" target=\"_blank\" href=\"https:\/\/ikasgunea.euskadi.eus\/es\/inicio\">IKASGUNEA<\/a><\/h2><\/div><\/div><\/div><\/div><\/div>[\/vc_column_inner][vc_column_inner width=\u00bb1\/3&#8243;]<div class=\"thim-widget-icon-box template-base\"><div class=\"wrapper-box-icon has_custom_image text-left image_box\" style=\"background-color: #ffffff;\"><div class=\"smicon-box iconbox-left\" style=\"--icon-color:#ffffff;--icon-width: 115px;--icon-height: 120px;\"><div class=\"boxes-icon\"><a class=\"icon-box-link\" target=\"_blank\" href=\"https:\/\/tknika.setskills.org\/ebaluazioa\/\"><span class=\"inner-icon\"><span class=\"icon icon-images\"><img loading=\"lazy\" decoding=\"async\" src=\"https:\/\/armeriaeskola.eus\/wp-content\/uploads\/2020\/04\/icono-mantenimiento.png\" alt=\"Icono de mantenimiento\"  width=\"80\" height=\"80\"><\/span><\/span><\/span><\/a><\/div><div class=\"content-inner\"><div class=\"sc-heading article_heading\"><h2 class = \"heading__primary\" style=\"--title-color: #000000;\"><a class=\"icon-box-link\" target=\"_blank\" href=\"https:\/\/tknika.setskills.org\/ebaluazioa\/\">SET - COMPETENCIAS TRANSVERSALES<\/a><\/h2><\/div><\/div><\/div><\/div><\/div>[\/vc_column_inner][vc_column_inner width=\u00bb1\/3&#8243;][\/vc_column_inner][\/vc_row_inner][\/vc_column][\/vc_row]<\/p>\n<\/div>","protected":false},"excerpt":{"rendered":"<p>[vc_section full_width=\u00bbstretch_row\u00bb][vc_row css=\u00bb.vc_custom_1585757720668{background-position: 0 0 !important;background-repeat: no-repeat !important;}\u00bb][vc_column width=\u00bb1\/6&#8243;][\/vc_column][vc_column width=\u00bb2\/3&#8243;][vc_single_image image=\u00bb9420&#8243; img_size=\u00bbfull\u00bb alignment=\u00bbcenter\u00bb css=\u00bb.vc_custom_1585647315995{margin-bottom: 0px !important;padding-bottom: 0px !important;}\u00bb][vc_row_inner css=\u00bb.vc_custom_1585647495981{margin-bottom: 25px !important;padding-bottom: 0px !important;}\u00bb][vc_column_inner width=\u00bb1\/6&#8243;][\/vc_column_inner][vc_column_inner width=\u00bb2\/3&#8243;][vc_custom_heading text=\u00bbRecursos para alumnos\u00bb font_container=\u00bbtag:h1|font_size:34px|text_align:center|color:%23a12e33|line_height:40px\u00bb google_fonts=\u00bbfont_family:Roboto%3A100%2C100italic%2C300%2C300italic%2Cregular%2Citalic%2C500%2C500italic%2C700%2C700italic%2C900%2C900italic|font_style:700%20bold%20regular%3A700%3Anormal\u00bb][\/vc_column_inner][vc_column_inner width=\u00bb1\/6&#8243;][\/vc_column_inner][\/vc_row_inner][\/vc_column][vc_column width=\u00bb1\/6&#8243;][\/vc_column][\/vc_row][\/vc_section][vc_row equal_height=\u00bbyes\u00bb content_placement=\u00bbbottom\u00bb parallax=\u00bbcontent-moving\u00bb parallax_image=\u00bb17969&#8243; css=\u00bb.vc_custom_1643276101200{margin-top: 0px !important;margin-bottom: 0px &hellip; <\/p>\n","protected":false},"author":1,"featured_media":0,"parent":0,"menu_order":2,"comment_status":"closed","ping_status":"closed","template":"","meta":{"_acf_changed":false,"footnotes":""},"class_list":["post-11046","page","type-page","status-publish","hentry"],"acf":[],"yoast_head":"<!-- This site is optimized with the Yoast SEO plugin v27.4 - https:\/\/yoast.com\/product\/yoast-seo-wordpress\/ -->\n<title>Recursos disponibles para el alumnado del CIFP Armeria Eskola<\/title>\n<meta name=\"description\" content=\"Enlaces de inter\u00e9s para el alumnado, tales como: plataforma de Ense\u00f1anza, Correo electr\u00f3nico, Bolsa de Trabajo e Ikasgunea\" \/>\n<meta name=\"robots\" content=\"noindex, nofollow\" \/>\n<meta property=\"og:locale\" content=\"es_ES\" \/>\n<meta property=\"og:type\" content=\"article\" \/>\n<meta property=\"og:title\" content=\"Recursos disponibles para el alumnado del CIFP Armeria Eskola\" \/>\n<meta property=\"og:description\" content=\"Enlaces de inter\u00e9s para el alumnado, tales como: plataforma de Ense\u00f1anza, Correo electr\u00f3nico, Bolsa de Trabajo e Ikasgunea\" \/>\n<meta property=\"og:url\" content=\"https:\/\/armeriaeskola.eus\/es\/alumnos\/\" \/>\n<meta property=\"og:site_name\" content=\"Armeria Eskola\" \/>\n<meta property=\"article:publisher\" content=\"https:\/\/www.facebook.com\/armeriaeskola\" \/>\n<meta property=\"article:modified_time\" content=\"2025-09-23T10:55:52+00:00\" \/>\n<meta name=\"twitter:card\" content=\"summary_large_image\" \/>\n<meta name=\"twitter:site\" content=\"@ArmeriaEskola\" \/>\n<meta name=\"twitter:label1\" content=\"Tiempo de lectura\" \/>\n\t<meta name=\"twitter:data1\" content=\"2 minutos\" \/>\n<script type=\"application\/ld+json\" class=\"yoast-schema-graph\">{\"@context\":\"https:\\\/\\\/schema.org\",\"@graph\":[{\"@type\":\"WebPage\",\"@id\":\"https:\\\/\\\/armeriaeskola.eus\\\/es\\\/alumnos\\\/\",\"url\":\"https:\\\/\\\/armeriaeskola.eus\\\/es\\\/alumnos\\\/\",\"name\":\"Recursos disponibles para el alumnado del CIFP Armeria Eskola\",\"isPartOf\":{\"@id\":\"https:\\\/\\\/armeriaeskola.eus\\\/#website\"},\"datePublished\":\"2020-04-13T17:04:47+00:00\",\"dateModified\":\"2025-09-23T10:55:52+00:00\",\"description\":\"Enlaces de inter\u00e9s para el alumnado, tales como: plataforma de Ense\u00f1anza, Correo electr\u00f3nico, Bolsa de Trabajo e Ikasgunea\",\"breadcrumb\":{\"@id\":\"https:\\\/\\\/armeriaeskola.eus\\\/es\\\/alumnos\\\/#breadcrumb\"},\"inLanguage\":\"es\",\"potentialAction\":[{\"@type\":\"ReadAction\",\"target\":[\"https:\\\/\\\/armeriaeskola.eus\\\/es\\\/alumnos\\\/\"]}]},{\"@type\":\"BreadcrumbList\",\"@id\":\"https:\\\/\\\/armeriaeskola.eus\\\/es\\\/alumnos\\\/#breadcrumb\",\"itemListElement\":[{\"@type\":\"ListItem\",\"position\":1,\"name\":\"Portada\",\"item\":\"https:\\\/\\\/armeriaeskola.eus\\\/es\\\/\"},{\"@type\":\"ListItem\",\"position\":2,\"name\":\"Alumnos\"}]},{\"@type\":\"WebSite\",\"@id\":\"https:\\\/\\\/armeriaeskola.eus\\\/#website\",\"url\":\"https:\\\/\\\/armeriaeskola.eus\\\/\",\"name\":\"Armeria Eskola\",\"description\":\"Centro Integral P\u00fablico de Formaci\u00f3n Profesional\",\"publisher\":{\"@id\":\"https:\\\/\\\/armeriaeskola.eus\\\/#organization\"},\"potentialAction\":[{\"@type\":\"SearchAction\",\"target\":{\"@type\":\"EntryPoint\",\"urlTemplate\":\"https:\\\/\\\/armeriaeskola.eus\\\/?s={search_term_string}\"},\"query-input\":{\"@type\":\"PropertyValueSpecification\",\"valueRequired\":true,\"valueName\":\"search_term_string\"}}],\"inLanguage\":\"es\"},{\"@type\":\"Organization\",\"@id\":\"https:\\\/\\\/armeriaeskola.eus\\\/#organization\",\"name\":\"Armeria Eskola\",\"url\":\"https:\\\/\\\/armeriaeskola.eus\\\/\",\"logo\":{\"@type\":\"ImageObject\",\"inLanguage\":\"es\",\"@id\":\"https:\\\/\\\/armeriaeskola.eus\\\/#\\\/schema\\\/logo\\\/image\\\/\",\"url\":\"https:\\\/\\\/armeriaeskola.eus\\\/wp-content\\\/uploads\\\/armeria-eskola-youtube1.jpg\",\"contentUrl\":\"https:\\\/\\\/armeriaeskola.eus\\\/wp-content\\\/uploads\\\/armeria-eskola-youtube1.jpg\",\"width\":1000,\"height\":501,\"caption\":\"Armeria Eskola\"},\"image\":{\"@id\":\"https:\\\/\\\/armeriaeskola.eus\\\/#\\\/schema\\\/logo\\\/image\\\/\"},\"sameAs\":[\"https:\\\/\\\/www.facebook.com\\\/armeriaeskola\",\"https:\\\/\\\/x.com\\\/ArmeriaEskola\",\"https:\\\/\\\/www.instagram.com\\\/armeriaeskola\\\/\",\"https:\\\/\\\/www.linkedin.com\\\/company\\\/asociaciondearmeriaeskola\\\/\",\"https:\\\/\\\/www.youtube.com\\\/user\\\/100armeriaeskola\"]}]}<\/script>\n<!-- \/ Yoast SEO plugin. -->","yoast_head_json":{"title":"Recursos disponibles para el alumnado del CIFP Armeria Eskola","description":"Enlaces de inter\u00e9s para el alumnado, tales como: plataforma de Ense\u00f1anza, Correo electr\u00f3nico, Bolsa de Trabajo e Ikasgunea","robots":{"index":"noindex","follow":"nofollow"},"og_locale":"es_ES","og_type":"article","og_title":"Recursos disponibles para el alumnado del CIFP Armeria Eskola","og_description":"Enlaces de inter\u00e9s para el alumnado, tales como: plataforma de Ense\u00f1anza, Correo electr\u00f3nico, Bolsa de Trabajo e Ikasgunea","og_url":"https:\/\/armeriaeskola.eus\/es\/alumnos\/","og_site_name":"Armeria Eskola","article_publisher":"https:\/\/www.facebook.com\/armeriaeskola","article_modified_time":"2025-09-23T10:55:52+00:00","twitter_card":"summary_large_image","twitter_site":"@ArmeriaEskola","twitter_misc":{"Tiempo de lectura":"2 minutos"},"schema":{"@context":"https:\/\/schema.org","@graph":[{"@type":"WebPage","@id":"https:\/\/armeriaeskola.eus\/es\/alumnos\/","url":"https:\/\/armeriaeskola.eus\/es\/alumnos\/","name":"Recursos disponibles para el alumnado del CIFP Armeria Eskola","isPartOf":{"@id":"https:\/\/armeriaeskola.eus\/#website"},"datePublished":"2020-04-13T17:04:47+00:00","dateModified":"2025-09-23T10:55:52+00:00","description":"Enlaces de inter\u00e9s para el alumnado, tales como: plataforma de Ense\u00f1anza, Correo electr\u00f3nico, Bolsa de Trabajo e Ikasgunea","breadcrumb":{"@id":"https:\/\/armeriaeskola.eus\/es\/alumnos\/#breadcrumb"},"inLanguage":"es","potentialAction":[{"@type":"ReadAction","target":["https:\/\/armeriaeskola.eus\/es\/alumnos\/"]}]},{"@type":"BreadcrumbList","@id":"https:\/\/armeriaeskola.eus\/es\/alumnos\/#breadcrumb","itemListElement":[{"@type":"ListItem","position":1,"name":"Portada","item":"https:\/\/armeriaeskola.eus\/es\/"},{"@type":"ListItem","position":2,"name":"Alumnos"}]},{"@type":"WebSite","@id":"https:\/\/armeriaeskola.eus\/#website","url":"https:\/\/armeriaeskola.eus\/","name":"Armeria Eskola","description":"Centro Integral P\u00fablico de Formaci\u00f3n Profesional","publisher":{"@id":"https:\/\/armeriaeskola.eus\/#organization"},"potentialAction":[{"@type":"SearchAction","target":{"@type":"EntryPoint","urlTemplate":"https:\/\/armeriaeskola.eus\/?s={search_term_string}"},"query-input":{"@type":"PropertyValueSpecification","valueRequired":true,"valueName":"search_term_string"}}],"inLanguage":"es"},{"@type":"Organization","@id":"https:\/\/armeriaeskola.eus\/#organization","name":"Armeria Eskola","url":"https:\/\/armeriaeskola.eus\/","logo":{"@type":"ImageObject","inLanguage":"es","@id":"https:\/\/armeriaeskola.eus\/#\/schema\/logo\/image\/","url":"https:\/\/armeriaeskola.eus\/wp-content\/uploads\/armeria-eskola-youtube1.jpg","contentUrl":"https:\/\/armeriaeskola.eus\/wp-content\/uploads\/armeria-eskola-youtube1.jpg","width":1000,"height":501,"caption":"Armeria Eskola"},"image":{"@id":"https:\/\/armeriaeskola.eus\/#\/schema\/logo\/image\/"},"sameAs":["https:\/\/www.facebook.com\/armeriaeskola","https:\/\/x.com\/ArmeriaEskola","https:\/\/www.instagram.com\/armeriaeskola\/","https:\/\/www.linkedin.com\/company\/asociaciondearmeriaeskola\/","https:\/\/www.youtube.com\/user\/100armeriaeskola"]}]}},"_links":{"self":[{"href":"https:\/\/armeriaeskola.eus\/es\/wp-json\/wp\/v2\/pages\/11046","targetHints":{"allow":["GET"]}}],"collection":[{"href":"https:\/\/armeriaeskola.eus\/es\/wp-json\/wp\/v2\/pages"}],"about":[{"href":"https:\/\/armeriaeskola.eus\/es\/wp-json\/wp\/v2\/types\/page"}],"author":[{"embeddable":true,"href":"https:\/\/armeriaeskola.eus\/es\/wp-json\/wp\/v2\/users\/1"}],"replies":[{"embeddable":true,"href":"https:\/\/armeriaeskola.eus\/es\/wp-json\/wp\/v2\/comments?post=11046"}],"version-history":[{"count":3,"href":"https:\/\/armeriaeskola.eus\/es\/wp-json\/wp\/v2\/pages\/11046\/revisions"}],"predecessor-version":[{"id":25506,"href":"https:\/\/armeriaeskola.eus\/es\/wp-json\/wp\/v2\/pages\/11046\/revisions\/25506"}],"wp:attachment":[{"href":"https:\/\/armeriaeskola.eus\/es\/wp-json\/wp\/v2\/media?parent=11046"}],"curies":[{"name":"wp","href":"https:\/\/api.w.org\/{rel}","templated":true}]}}